{"id":3481,"date":"2020-02-24T13:26:48","date_gmt":"2020-02-24T12:26:48","guid":{"rendered":"https:\/\/www.unitedschools.world\/?page_id=3481"},"modified":"2025-02-25T09:02:44","modified_gmt":"2025-02-25T08:02:44","slug":"informations-legales","status":"publish","type":"page","link":"https:\/\/www.unitedschools.world\/es\/informations-legales\/","title":{"rendered":"Informaci\u00f3n legal"},"content":{"rendered":"<p>Merci de lire attentivement les pr\u00e9sentes modalit\u00e9s d&rsquo;utilisation du pr\u00e9sent site avant de le parcourir. En vous connectant sur ce site, vous acceptez sans r\u00e9serve les pr\u00e9sentes modalit\u00e9s.<\/p>\n<h3><strong>Editeur du site<\/strong><\/h3>\n<p>UNITED SCHOOLS<br \/>\n1, avenue du Lac<br \/>\n21000 DIJON<br \/>\nFrance<br \/>\nT\u00e9l. : + 33 (0)6 29 55\u00a013 85<\/p>\n<p>UNITED SCHOOLS est une association, loi 1901 immatricul\u00e9e en France sous le num\u00e9ro W212008935.<br \/>\nSiret : 841 163 074 00021 &#8211; APE : 9499Z.<\/p>\n<h3><strong>Conditions d&rsquo;utilisation<\/strong><\/h3>\n<p>Le site est accessible par l\u2019url unique suivante\u00a0: <a href=\"https:\/\/www.unitedschools.world\/es\/\">https:\/\/www.unitedschools.world\/<\/a>. Il est exploit\u00e9 dans le respect de la l\u00e9gislation fran\u00e7aise. L&rsquo;utilisation de ce site est r\u00e9gie par les pr\u00e9sentes conditions g\u00e9n\u00e9rales. <a href=\"https:\/\/transports-andco.com\/\">\u00a0<\/a> En utilisant le site, vous reconnaissez avoir pris connaissance de ces conditions et les avoir accept\u00e9es. Celles-ci pourront \u00eatre modifi\u00e9es \u00e0 tout moment et sans pr\u00e9avis par UNITED SCHOOLS.<br \/>\nUNITED SCHOOLS ne saurait \u00eatre tenu pour responsable en aucune mani\u00e8re d\u2019une mauvaise utilisation du service.<u>\u00a0<\/u><\/p>\n<h3><strong>Responsable \u00e9ditorial<\/strong><\/h3>\n<p>St\u00e9phane OLLAGNIER &#8211; Directeur<br \/>\n<strong>UNITED SCHOOLS<\/strong><br \/>\nAdresse identique \u00e0 celle-ci-dessus<\/p>\n<h3><strong>Limitation de responsabilit\u00e9<\/strong><\/h3>\n<p>Les informations contenues sur ce site sont aussi pr\u00e9cises que possibles et le site est p\u00e9riodiquement remis \u00e0 jour, mais peut toutefois contenir des inexactitudes, des omissions ou des lacunes. Si vous constatez une lacune, erreur ou ce qui parait \u00eatre un dysfonctionnement, merci de bien vouloir le signaler par <u><a href=\"mailto:contact@unitedschools.world\">email<\/a><\/u> en d\u00e9crivant le probl\u00e8me de la mani\u00e8re la plus pr\u00e9cise possible (page posant probl\u00e8me, action d\u00e9clenchante, type d\u2019ordinateur et de navigateur utilis\u00e9, \u2026).<\/p>\n<p>Tout contenu t\u00e9l\u00e9charg\u00e9 se fait aux risques et p\u00e9rils de l&rsquo;utilisateur et sous sa seule responsabilit\u00e9. En cons\u00e9quence, UNITED SCHOOLS ne saurait \u00eatre tenu responsable d&rsquo;un quelconque dommage subi par l&rsquo;ordinateur de l&rsquo;utilisateur ou d&rsquo;une quelconque perte de donn\u00e9es cons\u00e9cutives au t\u00e9l\u00e9chargement.<\/p>\n<p>Les photos sont non contractuelles.<\/p>\n<p>Les liens hypertextes mis en place dans le cadre du pr\u00e9sent site internet en direction d&rsquo;autres ressources pr\u00e9sentes sur le r\u00e9seau Internet ne sauraient engager la responsabilit\u00e9 de UNITED SCHOOLS.<\/p>\n<h3><strong>Litiges<\/strong><\/h3>\n<p>Les pr\u00e9sentes conditions sont r\u00e9gies par les lois fran\u00e7aises et toute contestation ou litiges qui pourraient na\u00eetre de l&rsquo;interpr\u00e9tation ou de l&rsquo;ex\u00e9cution de celles-ci seront de la comp\u00e9tence exclusive des tribunaux dont d\u00e9pend le <a href=\"https:\/\/www.createck-paysage.com\/\">\u00a0<\/a> si\u00e8ge social de UNITED SCHOOLS. La langue de r\u00e9f\u00e9rence, pour le r\u00e8glement de contentieux \u00e9ventuels, est le fran\u00e7ais.<\/p>\n<h3><strong>Confidencialidad<\/strong><\/h3>\n<p>La politique de confidentialit\u00e9 de UNITED SCHOOLS (hors utilisation du r\u00e9seau social) est \u00e0 retrouver <a href=\"https:\/\/www.unitedschools.world\/es\/politique-de-confidentialite\/\">ICI<\/a>.<\/p>\n<h3><strong>Propri\u00e9t\u00e9 intellectuelle<\/strong><\/h3>\n<p>Tout le contenu du pr\u00e9sent site, incluant, de fa\u00e7on non limitative, les graphismes, images, textes, vid\u00e9os, animations, sons, logos, gifs et ic\u00f4nes ainsi que leur mise en forme sont la propri\u00e9t\u00e9 exclusive de UNITED SCHOOLS \u00e0 l&rsquo;exception des marques, logos ou contenus appartenant \u00e0 d&rsquo;autres soci\u00e9t\u00e9s partenaires ou auteurs.<br \/>\nToute reproduction, distribution, modification, adaptation, retransmission ou publication, m\u00eame partielle, de ces diff\u00e9rents \u00e9l\u00e9ments est strictement interdite sans l&rsquo;accord expr\u00e8s par \u00e9crit de UNITED SCHOOLS. Cette repr\u00e9sentation ou reproduction, par quelque proc\u00e9d\u00e9 que ce soit, constitue une contrefa\u00e7on sanctionn\u00e9e par les articles L.3335-2 et suivants du Code de la propri\u00e9t\u00e9 intellectuelle. Le non-respect de cette interdiction constitue une contrefa\u00e7on pouvant engager la responsabilit\u00e9 civile et p\u00e9nale du contrefacteur. En outre, les propri\u00e9taires des Contenus copi\u00e9s pourraient intenter une action en justice \u00e0 votre encontre.<\/p>\n<p>Les utilisateurs et visiteurs du site internet peuvent mettre en place un hyperlien en direction de ce site, mais uniquement en direction de la page d\u2019accueil, accessible \u00e0 l\u2019URL suivante : <a href=\"https:\/\/www.unitedschools.world\/es\/\">https:\/\/www.unitedschools.world\/<\/a>, \u00e0 condition que ce lien s\u2019ouvre dans une nouvelle fen\u00eatre. En particulier un lien vers une sous page (\u00ab lien profond \u00bb) est interdit, ainsi que l\u2019ouverture du pr\u00e9sent site au sein d\u2019un cadre (\u00ab framing \u00bb), sauf l&rsquo;autorisation expresse et pr\u00e9alable de UNITED SCHOOLS.<\/p>\n<p>Pour toute demande d&rsquo;autorisation ou d&rsquo;information, veuillez nous contacter par email : <u><a href=\"mailto:contact@unitedschools.world\">contact@unitedschools.world<\/a><\/u>. Des conditions sp\u00e9cifiques sont pr\u00e9vues pour la presse.<\/p>\n<p>Par ailleurs, la mise en forme de ce site a n\u00e9cessit\u00e9 le recours \u00e0 des sources externes dont nous avons acquis les droits ou dont les droits d&rsquo;utilisation sont ouverts.<\/p>\n<h3><strong>H\u00e9bergeur<\/strong><\/h3>\n<p><strong>INFOMANIAK<\/strong><br \/>\n25 Eug\u00e8ne-Marziano 1227 Les Acacias (SUISSE)<\/p>\n<p>T\u00e9l. : +41 22 820 35 44<br \/>\n<a href=\"https:\/\/www.infomaniak.com\/\">https:\/\/www.infomaniak.com\/<\/a><\/p>\n<h2 style=\"text-align: center;\"><strong>Conditions de service<\/strong><\/h2>\n<p>Ce site est propos\u00e9 en langages informatiques courants.\u00a0 Pour un meilleur confort d&rsquo;utilisation et un graphisme plus agr\u00e9able, nous vous recommandons de recourir \u00e0 des navigateurs modernes comme Safari, Firefox, Chrome,&#8230;<\/p>\n<h3><strong>Informations et exclusion<\/strong><\/h3>\n<p>UNITED SCHOOLS met en \u0153uvre tous les moyens dont il dispose, pour assurer une information fiable et une mise \u00e0 jour fiable de son site internet. Toutefois, des erreurs ou omissions peuvent survenir. L&rsquo;internaute devra donc s&rsquo;assurer de l&rsquo;exactitude des informations aupr\u00e8s de UNITED SCHOOLS, et signaler toutes modifications du site qu&rsquo;il jugerait utile. UNITED SCHOOLS n&rsquo;est en aucun cas responsable de l&rsquo;utilisation faite de ces informations et de tout pr\u00e9judice direct ou indirect pouvant en d\u00e9couler.<\/p>\n<h3><strong>Cookies<\/strong><\/h3>\n<p>Pour des besoins de statistiques et d&rsquo;affichage, le pr\u00e9sent site utilise des cookies. Il s&rsquo;agit de petits fichiers textes stock\u00e9s sur votre disque dur afin d&rsquo;enregistrer des donn\u00e9es techniques sur votre navigation. Certaines parties de ce site ne peuvent \u00eatre fonctionnelle sans l\u2019acceptation de cookies.<\/p>\n<h3><strong>Liens hypertextes<\/strong><\/h3>\n<p>Le site internet de UNITED SCHOOLS peut offrir des liens vers d\u2019autres sites internet ou d\u2019autres ressources disponibles sur Internet.<a href=\"https:\/\/www.natural-net.fr\/\"><br \/>\n<\/a><br \/>\nUNITED SCHOOLS ne dispose d&rsquo;aucun moyen pour contr\u00f4ler les sites en connexion avec son site internet. UNITED SCHOOLS ne r\u00e9pond pas de la disponibilit\u00e9 de tels sites et sources externes, ni ne la garantit. Il ne peut \u00eatre tenu pour responsable de tout dommage, de quelque nature que ce soit, r\u00e9sultant du contenu de ces sites ou sources externes, et notamment des informations, produits ou services qu\u2019ils proposent, ou de tout usage qui peut \u00eatre fait de ces \u00e9l\u00e9ments. Les risques li\u00e9s \u00e0 cette utilisation incombent pleinement \u00e0 l&rsquo;internaute, qui doit se conformer \u00e0 leurs conditions d&rsquo;utilisation.<\/p>\n<p>Les utilisateurs, les abonn\u00e9s et les visiteurs du site internet UNITED SCHOOLS ne peuvent mettre en place un hyperlien en direction de ce site sans l&rsquo;autorisation expresse et pr\u00e9alable de UNITED SCHOOLS.<\/p>\n<p>Dans l&rsquo;hypoth\u00e8se o\u00f9 un utilisateur ou visiteur souhaiterait mettre en place un hyperlien en direction du site internet de UNITED SCHOOLS, il lui appartiendra d&rsquo;adresser un email accessible sur le site afin de formuler sa demande de mise en place d&rsquo;un hyperlien. UNITED SCHOOLS se r\u00e9serve le droit d\u2019accepter ou de refuser un hyperlien sans avoir \u00e0 en justifier sa d\u00e9cision.<\/p>\n<h3><strong>Recherche<\/strong><\/h3>\n<p>En outre, le renvoi sur un site internet pour compl\u00e9ter une information recherch\u00e9e ne signifie en aucune fa\u00e7on que UNITED SCHOOLS net reconna\u00eet ou accepte quelque responsabilit\u00e9 quant \u00e0 la teneur ou \u00e0 l&rsquo;utilisation dudit site.<\/p>\n<h3><strong>Pr\u00e9cautions d&rsquo;usage<\/strong><\/h3>\n<p>Il vous incombe par cons\u00e9quent de prendre les pr\u00e9cautions d&rsquo;usage n\u00e9cessaires pour vous assurer que ce que vous choisissez d&rsquo;utiliser ne soit pas entach\u00e9 d&rsquo;erreurs voire d&rsquo;\u00e9l\u00e9ments de nature destructrice tels que virus, trojans, etc&#8230;<\/p>\n<h3><strong>Responsabilit\u00e9<\/strong><\/h3>\n<p>Aucune autre garantie n&rsquo;est accord\u00e9e au visiteur, auquel incombe l&rsquo;obligation de formuler clairement ses besoins et le devoir de s&rsquo;informer. Si des informations fournies par UNITED SCHOOLS apparaissent inexactes, il appartiendra au client de proc\u00e9der lui-m\u00eame \u00e0 toutes v\u00e9rifications de la coh\u00e9rence ou de la vraisemblance des r\u00e9sultats obtenus. UNITED SCHOOLS ne sera en aucune fa\u00e7on responsable vis \u00e0 vis des tiers de l&rsquo;utilisation par le visiteur des informations ou de leur absence contenues au sein de son site Internet.<\/p>","protected":false},"excerpt":{"rendered":"<p>Merci de lire attentivement les pr\u00e9sentes modalit\u00e9s d&rsquo;utilisation du pr\u00e9sent site avant de le parcourir. En vous connectant sur ce site, vous acceptez sans r\u00e9serve les pr\u00e9sentes modalit\u00e9s. Editeur du site UNITED SCHOOLS 1, avenue du Lac 21000 DIJON France T\u00e9l. : + 33 (0)6 29 55\u00a013 85 UNITED SCHOOLS est une association, loi 1901 immatricul\u00e9e en France sous le [&hellip;]<\/p>","protected":false},"author":2,"featured_media":0,"parent":0,"menu_order":0,"comment_status":"closed","ping_status":"closed","template":"","meta":{"footnotes":""},"class_list":["post-3481","page","type-page","status-publish","hentry"],"yoast_head":"<!-- This site is optimized with the Yoast SEO plugin v26.1 - https:\/\/yoast.com\/wordpress\/plugins\/seo\/ -->\n<title>Informations l\u00e9gales - United Schools<\/title>\n<meta name=\"robots\" content=\"index, follow, max-snippet:-1, max-image-preview:large, max-video-preview:-1\" \/>\n<link rel=\"canonical\" href=\"https:\/\/www.unitedschools.world\/es\/informations-legales\/\" \/>\n<meta property=\"og:locale\" content=\"es_ES\" \/>\n<meta property=\"og:type\" content=\"article\" \/>\n<meta property=\"og:title\" content=\"Informations l\u00e9gales - United Schools\" \/>\n<meta property=\"og:description\" content=\"Merci de lire attentivement les pr\u00e9sentes modalit\u00e9s d&rsquo;utilisation du pr\u00e9sent site avant de le parcourir. En vous connectant sur ce site, vous acceptez sans r\u00e9serve les pr\u00e9sentes modalit\u00e9s. Editeur du site UNITED SCHOOLS 1, avenue du Lac 21000 DIJON France T\u00e9l. : + 33 (0)6 29 55\u00a013 85 UNITED SCHOOLS est une association, loi 1901 immatricul\u00e9e en France sous le [&hellip;]\" \/>\n<meta property=\"og:url\" content=\"https:\/\/www.unitedschools.world\/es\/informations-legales\/\" \/>\n<meta property=\"og:site_name\" content=\"United Schools\" \/>\n<meta property=\"article:publisher\" content=\"https:\/\/www.facebook.com\/unitedschools.world\/\" \/>\n<meta property=\"article:modified_time\" content=\"2025-02-25T08:02:44+00:00\" \/>\n<meta property=\"og:image\" content=\"https:\/\/www.unitedschools.world\/wp-content\/uploads\/2019\/10\/logoNew-01.png\" \/>\n\t<meta property=\"og:image:width\" content=\"1300\" \/>\n\t<meta property=\"og:image:height\" content=\"245\" \/>\n\t<meta property=\"og:image:type\" content=\"image\/png\" \/>\n<meta name=\"twitter:card\" content=\"summary_large_image\" \/>\n<meta name=\"twitter:site\" content=\"@UnitedSchoolsW\" \/>\n<meta name=\"twitter:label1\" content=\"Tiempo de lectura\" \/>\n\t<meta name=\"twitter:data1\" content=\"7 minutos\" \/>\n<script type=\"application\/ld+json\" class=\"yoast-schema-graph\">{\"@context\":\"https:\/\/schema.org\",\"@graph\":[{\"@type\":\"WebPage\",\"@id\":\"https:\/\/www.unitedschools.world\/informations-legales\/\",\"url\":\"https:\/\/www.unitedschools.world\/informations-legales\/\",\"name\":\"Informations l\u00e9gales - United Schools\",\"isPartOf\":{\"@id\":\"https:\/\/www.unitedschools.world\/#website\"},\"datePublished\":\"2020-02-24T12:26:48+00:00\",\"dateModified\":\"2025-02-25T08:02:44+00:00\",\"breadcrumb\":{\"@id\":\"https:\/\/www.unitedschools.world\/informations-legales\/#breadcrumb\"},\"inLanguage\":\"es\",\"potentialAction\":[{\"@type\":\"ReadAction\",\"target\":[\"https:\/\/www.unitedschools.world\/informations-legales\/\"]}]},{\"@type\":\"BreadcrumbList\",\"@id\":\"https:\/\/www.unitedschools.world\/informations-legales\/#breadcrumb\",\"itemListElement\":[{\"@type\":\"ListItem\",\"position\":1,\"name\":\"Accueil\",\"item\":\"https:\/\/www.unitedschools.world\/\"},{\"@type\":\"ListItem\",\"position\":2,\"name\":\"Informations l\u00e9gales\"}]},{\"@type\":\"WebSite\",\"@id\":\"https:\/\/www.unitedschools.world\/#website\",\"url\":\"https:\/\/www.unitedschools.world\/\",\"name\":\"United Schools\",\"description\":\"One world to share\",\"publisher\":{\"@id\":\"https:\/\/www.unitedschools.world\/#organization\"},\"potentialAction\":[{\"@type\":\"SearchAction\",\"target\":{\"@type\":\"EntryPoint\",\"urlTemplate\":\"https:\/\/www.unitedschools.world\/?s={search_term_string}\"},\"query-input\":{\"@type\":\"PropertyValueSpecification\",\"valueRequired\":true,\"valueName\":\"search_term_string\"}}],\"inLanguage\":\"es\"},{\"@type\":\"Organization\",\"@id\":\"https:\/\/www.unitedschools.world\/#organization\",\"name\":\"United Schools\",\"url\":\"https:\/\/www.unitedschools.world\/\",\"logo\":{\"@type\":\"ImageObject\",\"inLanguage\":\"es\",\"@id\":\"https:\/\/www.unitedschools.world\/#\/schema\/logo\/image\/\",\"url\":\"https:\/\/www.unitedschools.world\/wp-content\/uploads\/2019\/11\/logoNew.png\",\"contentUrl\":\"https:\/\/www.unitedschools.world\/wp-content\/uploads\/2019\/11\/logoNew.png\",\"width\":1300,\"height\":182,\"caption\":\"United Schools\"},\"image\":{\"@id\":\"https:\/\/www.unitedschools.world\/#\/schema\/logo\/image\/\"},\"sameAs\":[\"https:\/\/www.facebook.com\/unitedschools.world\/\",\"https:\/\/x.com\/UnitedSchoolsW\",\"https:\/\/www.instagram.com\/unitedschoolsassociation\/\",\"https:\/\/www.linkedin.com\/company\/united-schools\/\"]}]}<\/script>\n<!-- \/ Yoast SEO plugin. -->","yoast_head_json":{"title":"Informations l\u00e9gales - United Schools","robots":{"index":"index","follow":"follow","max-snippet":"max-snippet:-1","max-image-preview":"max-image-preview:large","max-video-preview":"max-video-preview:-1"},"canonical":"https:\/\/www.unitedschools.world\/es\/informations-legales\/","og_locale":"es_ES","og_type":"article","og_title":"Informations l\u00e9gales - United Schools","og_description":"Merci de lire attentivement les pr\u00e9sentes modalit\u00e9s d&rsquo;utilisation du pr\u00e9sent site avant de le parcourir. En vous connectant sur ce site, vous acceptez sans r\u00e9serve les pr\u00e9sentes modalit\u00e9s. Editeur du site UNITED SCHOOLS 1, avenue du Lac 21000 DIJON France T\u00e9l. : + 33 (0)6 29 55\u00a013 85 UNITED SCHOOLS est une association, loi 1901 immatricul\u00e9e en France sous le [&hellip;]","og_url":"https:\/\/www.unitedschools.world\/es\/informations-legales\/","og_site_name":"United Schools","article_publisher":"https:\/\/www.facebook.com\/unitedschools.world\/","article_modified_time":"2025-02-25T08:02:44+00:00","og_image":[{"width":1300,"height":245,"url":"https:\/\/www.unitedschools.world\/wp-content\/uploads\/2019\/10\/logoNew-01.png","type":"image\/png"}],"twitter_card":"summary_large_image","twitter_site":"@UnitedSchoolsW","twitter_misc":{"Tiempo de lectura":"7 minutos"},"schema":{"@context":"https:\/\/schema.org","@graph":[{"@type":"WebPage","@id":"https:\/\/www.unitedschools.world\/informations-legales\/","url":"https:\/\/www.unitedschools.world\/informations-legales\/","name":"Informations l\u00e9gales - United Schools","isPartOf":{"@id":"https:\/\/www.unitedschools.world\/#website"},"datePublished":"2020-02-24T12:26:48+00:00","dateModified":"2025-02-25T08:02:44+00:00","breadcrumb":{"@id":"https:\/\/www.unitedschools.world\/informations-legales\/#breadcrumb"},"inLanguage":"es","potentialAction":[{"@type":"ReadAction","target":["https:\/\/www.unitedschools.world\/informations-legales\/"]}]},{"@type":"BreadcrumbList","@id":"https:\/\/www.unitedschools.world\/informations-legales\/#breadcrumb","itemListElement":[{"@type":"ListItem","position":1,"name":"Accueil","item":"https:\/\/www.unitedschools.world\/"},{"@type":"ListItem","position":2,"name":"Informations l\u00e9gales"}]},{"@type":"WebSite","@id":"https:\/\/www.unitedschools.world\/#website","url":"https:\/\/www.unitedschools.world\/","name":"United Schools","description":"One world to share","publisher":{"@id":"https:\/\/www.unitedschools.world\/#organization"},"potentialAction":[{"@type":"SearchAction","target":{"@type":"EntryPoint","urlTemplate":"https:\/\/www.unitedschools.world\/?s={search_term_string}"},"query-input":{"@type":"PropertyValueSpecification","valueRequired":true,"valueName":"search_term_string"}}],"inLanguage":"es"},{"@type":"Organization","@id":"https:\/\/www.unitedschools.world\/#organization","name":"United Schools","url":"https:\/\/www.unitedschools.world\/","logo":{"@type":"ImageObject","inLanguage":"es","@id":"https:\/\/www.unitedschools.world\/#\/schema\/logo\/image\/","url":"https:\/\/www.unitedschools.world\/wp-content\/uploads\/2019\/11\/logoNew.png","contentUrl":"https:\/\/www.unitedschools.world\/wp-content\/uploads\/2019\/11\/logoNew.png","width":1300,"height":182,"caption":"United Schools"},"image":{"@id":"https:\/\/www.unitedschools.world\/#\/schema\/logo\/image\/"},"sameAs":["https:\/\/www.facebook.com\/unitedschools.world\/","https:\/\/x.com\/UnitedSchoolsW","https:\/\/www.instagram.com\/unitedschoolsassociation\/","https:\/\/www.linkedin.com\/company\/united-schools\/"]}]}},"amp_enabled":true,"_links":{"self":[{"href":"https:\/\/www.unitedschools.world\/es\/wp-json\/wp\/v2\/pages\/3481","targetHints":{"allow":["GET"]}}],"collection":[{"href":"https:\/\/www.unitedschools.world\/es\/wp-json\/wp\/v2\/pages"}],"about":[{"href":"https:\/\/www.unitedschools.world\/es\/wp-json\/wp\/v2\/types\/page"}],"author":[{"embeddable":true,"href":"https:\/\/www.unitedschools.world\/es\/wp-json\/wp\/v2\/users\/2"}],"replies":[{"embeddable":true,"href":"https:\/\/www.unitedschools.world\/es\/wp-json\/wp\/v2\/comments?post=3481"}],"version-history":[{"count":5,"href":"https:\/\/www.unitedschools.world\/es\/wp-json\/wp\/v2\/pages\/3481\/revisions"}],"predecessor-version":[{"id":5216,"href":"https:\/\/www.unitedschools.world\/es\/wp-json\/wp\/v2\/pages\/3481\/revisions\/5216"}],"wp:attachment":[{"href":"https:\/\/www.unitedschools.world\/es\/wp-json\/wp\/v2\/media?parent=3481"}],"curies":[{"name":"wp","href":"https:\/\/api.w.org\/{rel}","templated":true}]}}