{"id":635,"date":"2018-07-03T07:47:12","date_gmt":"2018-07-03T05:47:12","guid":{"rendered":"http:\/\/academist.elated-themes.com\/?page_id=635"},"modified":"2024-09-11T16:20:29","modified_gmt":"2024-09-11T14:20:29","slug":"a-propos","status":"publish","type":"page","link":"https:\/\/www.unitedschools.world\/en\/a-propos\/","title":{"rendered":"About us"},"content":{"rendered":"<div class=\"wpb-content-wrapper\"><div data-vc-full-width=\"true\" data-vc-full-width-init=\"false\" class=\"vc_row wpb_row vc_row-fluid about-p-banner bg_bottom vc_custom_1709238295153 vc_row-has-fill\" ><div class=\"wpb_column vc_column_container vc_col-sm-12\"><div class=\"vc_column-inner\"><div class=\"wpb_wrapper\"><div class=\"eltdf-row-grid-section-wrapper\" ><div class=\"eltdf-row-grid-section\"><div class=\"vc_row wpb_row vc_inner vc_row-fluid vc_row-o-content-middle vc_row-flex\" ><div class=\"wpb_column vc_column_container vc_col-sm-6\"><div class=\"vc_column-inner\"><div class=\"wpb_wrapper\"><h1 style=\"text-align: left\" class=\"vc_custom_heading vc_do_custom_heading\" >How it started<\/h1>\n\t<div class=\"wpb_text_column wpb_content_element vc_custom_1639393552476\" >\n\t\t<div class=\"wpb_wrapper\">\n\t\t\t<p style=\"text-align: left;\">United Schools was born from a simple idea: why not put at the heart of exchanges between schools <strong>learning how to live together<\/strong> and <strong>help with the conservation of the planet<\/strong> ?<\/p>\n<p style=\"text-align: left;\">2 French citizens H\u00e9l\u00e8ne and St\u00e9phane, the cofounders, started to develop the project in 2017 with that idea: <strong>to create the first environmentally-responsible social network between schools<\/strong> worldwide.<\/p>\n<p style=\"text-align: left;\">Thanks to the support of the local board of education, they created the association then the platform (via a service provider) and left all year 2018 through the <strong>5 continents<\/strong> for a year of experimentation which will prove very conclusive. <strong>The United Schools community is launched and it's just waiting to grow!<\/strong><\/p>\n\n\t\t<\/div>\n\t<\/div>\n<\/div><\/div><\/div><div class=\"wpb_column vc_column_container vc_col-sm-6\"><div class=\"vc_column-inner\"><div class=\"wpb_wrapper\">\n\t<div  class=\"wpb_single_image wpb_content_element vc_align_center wpb_content_element\">\n\t\t\n\t\t<figure class=\"wpb_wrapper vc_figure\">\n\t\t\t<div class=\"vc_single_image-wrapper   vc_box_border_grey\"><img loading=\"lazy\" decoding=\"async\" width=\"300\" height=\"259\" src=\"https:\/\/www.unitedschools.world\/wp-content\/uploads\/2024\/02\/etoile_bleu-300x259.png\" class=\"vc_single_image-img attachment-medium\" alt=\"\" title=\"United Schools\" srcset=\"https:\/\/www.unitedschools.world\/wp-content\/uploads\/2024\/02\/etoile_bleu-300x259.png 300w, https:\/\/www.unitedschools.world\/wp-content\/uploads\/2024\/02\/etoile_bleu-14x12.png 14w, https:\/\/www.unitedschools.world\/wp-content\/uploads\/2024\/02\/etoile_bleu-600x518.png 600w, https:\/\/www.unitedschools.world\/wp-content\/uploads\/2024\/02\/etoile_bleu.png 667w\" sizes=\"auto, (max-width: 300px) 100vw, 300px\" \/><\/div>\n\t\t<\/figure>\n\t<\/div>\n<\/div><\/div><\/div><\/div><\/div><\/div><\/div><\/div><\/div><\/div><div class=\"vc_row-full-width vc_clearfix\"><\/div><div data-vc-full-width=\"true\" data-vc-full-width-init=\"false\" class=\"vc_row wpb_row vc_row-fluid\" ><div class=\"wpb_column vc_column_container vc_col-sm-12\"><div class=\"vc_column-inner\"><div class=\"wpb_wrapper\"><div class=\"eltdf-row-grid-section-wrapper\" ><div class=\"eltdf-row-grid-section\"><div class=\"vc_row wpb_row vc_inner vc_row-fluid vc_custom_1639395047733\" ><div class=\"wpb_column vc_column_container vc_col-sm-6\"><div class=\"vc_column-inner\"><div class=\"wpb_wrapper\"><div class=\"aio-icon-component    style_1\"><div id=\"Info-box-wrap-3803\" class=\"aio-icon-box left-icon\" style=\"\"  ><div class=\"aio-icon-left\"><div class=\"ult-just-icon-wrapper\"><div class=\"align-icon\" style=\"text-align:center;\">\n<div class=\"aio-icon-img\" style=\"font-size:64px;display:inline-block;\" >\n\t<img decoding=\"async\" class=\"img-icon\" alt=\"null\" src=\"https:\/\/www.unitedschools.world\/wp-content\/uploads\/2024\/02\/fleche_bleu.png\"\/>\n<\/div><\/div><\/div><\/div><div class=\"aio-ibd-block\"><div class=\"aio-icon-header\" ><h3 class=\"aio-icon-title ult-responsive\"  data-ultimate-target='#Info-box-wrap-3803 .aio-icon-title'  data-responsive-json-new='{\"font-size\":\"desktop:22px;\",\"line-height\":\"\"}'  style=\"\">Our vision<\/h3><\/div> <!-- header --><div class=\"aio-icon-description ult-responsive\"  data-ultimate-target='#Info-box-wrap-3803 .aio-icon-description'  data-responsive-json-new='{\"font-size\":\"desktop:16px;\",\"line-height\":\"\"}'  style=\"color:#666666;\">To promote\/facilitate living together and the preservation of the planet through concrete actions of cooperation between schools around the world<\/div> <!-- description --><\/div> <!-- aio-ibd-block --><\/div> <!-- aio-icon-box --><\/div> <!-- aio-icon-component --><\/div><\/div><\/div><div class=\"wpb_column vc_column_container vc_col-sm-6\"><div class=\"vc_column-inner\"><div class=\"wpb_wrapper\"><div class=\"aio-icon-component    style_1\"><div id=\"Info-box-wrap-3444\" class=\"aio-icon-box left-icon\" style=\"\"  ><div class=\"aio-icon-left\"><div class=\"ult-just-icon-wrapper\"><div class=\"align-icon\" style=\"text-align:center;\">\n<div class=\"aio-icon-img\" style=\"font-size:64px;display:inline-block;\" >\n\t<img decoding=\"async\" class=\"img-icon\" alt=\"null\" src=\"https:\/\/www.unitedschools.world\/wp-content\/uploads\/2024\/02\/fleche_bleu.png\"\/>\n<\/div><\/div><\/div><\/div><div class=\"aio-ibd-block\"><div class=\"aio-icon-header\" ><h3 class=\"aio-icon-title ult-responsive\"  data-ultimate-target='#Info-box-wrap-3444 .aio-icon-title'  data-responsive-json-new='{\"font-size\":\"desktop:22px;\",\"line-height\":\"\"}'  style=\"\">Our missions<\/h3><\/div> <!-- header --><div class=\"aio-icon-description ult-responsive\"  data-ultimate-target='#Info-box-wrap-3444 .aio-icon-description'  data-responsive-json-new='{\"font-size\":\"desktop:16px;\",\"line-height\":\"\"}'  style=\"color:#666666;\"><\/p>\n<ul>\n<li><strong>Connecting<\/strong> schools around the world by becoming a reference network<\/li>\n<li><strong>Acculturate<\/strong> community members in living together and sustainable development<\/li>\n<li><strong>Facilitating<\/strong> young people's transition to action by accompanying their educators<\/li>\n<\/ul>\n<p><\/div> <!-- description --><\/div> <!-- aio-ibd-block --><\/div> <!-- aio-icon-box --><\/div> <!-- aio-icon-component --><\/div><\/div><\/div><\/div><\/div><\/div>\n\t<div class=\"wpb_text_column wpb_content_element\" >\n\t\t<div class=\"wpb_wrapper\">\n\t\t\t\n\t\t<\/div>\n\t<\/div>\n<\/div><\/div><\/div><\/div><div class=\"vc_row-full-width vc_clearfix\"><\/div><div class=\"eltdf-row-grid-section-wrapper eltdf-content-aligment-center\"  ><div class=\"eltdf-row-grid-section\"><div class=\"vc_row wpb_row vc_row-fluid vc_custom_1639395217254\" ><div class=\"wpb_column vc_column_container vc_col-sm-12\"><div class=\"vc_column-inner\"><div class=\"wpb_wrapper\"><h2 style=\"text-align: center\" class=\"vc_custom_heading vc_do_custom_heading\" >Key figures<\/h2>\n\t<div class=\"wpb_text_column wpb_content_element vc_custom_1639395229758\" >\n\t\t<div class=\"wpb_wrapper\">\n\t\t\t<p style=\"text-align: center;\">Come and enlarge our community<\/p>\n\n\t\t<\/div>\n\t<\/div>\n<div class=\"vc_row wpb_row vc_inner vc_row-fluid\" ><div class=\"wpb_column vc_column_container vc_col-sm-3\"><div class=\"vc_column-inner\"><div class=\"wpb_wrapper\"><div class=\"eltdf-counter-holder\">\n\t<div class=\"eltdf-counter-inner\">\n\t\t\t\t\t<span class=\"eltdf-counter eltdf-zero-counter\" style=\"font-size: 100px;color: #000000\">5<\/span>\n\t\t\t\t\t\t\t<h4 class=\"eltdf-counter-title\" style=\"color: #000000\">\n\t\t\t\tContinents\t\t\t<\/h4>\n\t\t\t\t\t\t\t<p class=\"eltdf-counter-text\" >Worldwide connected schools<\/p>\n\t\t\t<\/div>\n<\/div><\/div><\/div><\/div><div class=\"wpb_column vc_column_container vc_col-sm-3\"><div class=\"vc_column-inner\"><div class=\"wpb_wrapper\"><div class=\"eltdf-counter-holder\">\n\t<div class=\"eltdf-counter-inner\">\n\t\t\t\t\t<span class=\"eltdf-counter eltdf-zero-counter\" style=\"font-size: 100px;color: #000000\">55<\/span>\n\t\t\t\t\t\t\t<h4 class=\"eltdf-counter-title\" style=\"color: #000000\">\n\t\t\t\tAmbassadors\t\t\t<\/h4>\n\t\t\t\t\t\t\t<p class=\"eltdf-counter-text\" >Who represents or have represented United Schools around the world<\/p>\n\t\t\t<\/div>\n<\/div><\/div><\/div><\/div><div class=\"wpb_column vc_column_container vc_col-sm-3\"><div class=\"vc_column-inner\"><div class=\"wpb_wrapper\"><div class=\"eltdf-counter-holder\">\n\t<div class=\"eltdf-counter-inner\">\n\t\t\t\t\t<span class=\"eltdf-counter eltdf-zero-counter\" style=\"font-size: 100px;color: #000000\">20<\/span>\n\t\t\t\t\t\t\t<h4 class=\"eltdf-counter-title\" style=\"color: #000000\">\n\t\t\t\tVolunteers\t\t\t<\/h4>\n\t\t\t\t\t\t\t<p class=\"eltdf-counter-text\" >Committed to a better world<\/p>\n\t\t\t<\/div>\n<\/div><\/div><\/div><\/div><div class=\"wpb_column vc_column_container vc_col-sm-3\"><div class=\"vc_column-inner\"><div class=\"wpb_wrapper\"><div class=\"eltdf-counter-holder\">\n\t<div class=\"eltdf-counter-inner\">\n\t\t\t\t\t<span class=\"eltdf-counter eltdf-zero-counter\" style=\"font-size: 100px;color: #000000\">20+<\/span>\n\t\t\t\t\t\t\t<h4 class=\"eltdf-counter-title\" style=\"color: #000000\">\n\t\t\t\tPartners\t\t\t<\/h4>\n\t\t\t\t\t\t\t<p class=\"eltdf-counter-text\" >For a collaborative ecosystem on an international scale<\/p>\n\t\t\t<\/div>\n<\/div><\/div><\/div><\/div><\/div><\/div><\/div><\/div><\/div><\/div><\/div><div class=\"vc_row wpb_row vc_row-fluid\" ><div class=\"wpb_column vc_column_container vc_col-sm-12\"><div class=\"vc_column-inner\"><div class=\"wpb_wrapper\"><div class=\"vc_empty_space\"   style=\"height: 15px\"><span class=\"vc_empty_space_inner\"><\/span><\/div><h2 style=\"text-align: center\" class=\"vc_custom_heading vc_do_custom_heading\" >Newsletters<\/h2><div class=\"vc_empty_space\"   style=\"height: 15px\"><span class=\"vc_empty_space_inner\"><\/span><\/div>\n\t<div class=\"wpb_text_column wpb_content_element\" >\n\t\t<div class=\"wpb_wrapper\">\n\t\t\t<p style=\"text-align: center;\">Read our latest newsletters and discover our news (in French):<\/p>\n\n\t\t<\/div>\n\t<\/div>\n<div class=\"vc_empty_space\"   style=\"height: 15px\"><span class=\"vc_empty_space_inner\"><\/span><\/div><\/div><\/div><\/div><\/div><div class=\"vc_row wpb_row vc_row-fluid\" ><div class=\"wpb_column vc_column_container vc_col-sm-6\"><div class=\"vc_column-inner\"><div class=\"wpb_wrapper\"><div class=\"vc_btn3-container vc_btn3-center vc_do_btn\" ><a class=\"vc_general vc_btn3 vc_btn3-size-lg vc_btn3-shape-rounded vc_btn3-style-modern vc_btn3-color-info\" href=\"https:\/\/sh1.sendinblue.com\/3gs7pgfaz5xpfe.html?t=1709238763\" title=\"\" target=\"_blank\">D\u00e9cembre 2023<\/a><\/div><div class=\"vc_empty_space\"   style=\"height: 15px\"><span class=\"vc_empty_space_inner\"><\/span><\/div><\/div><\/div><\/div><div class=\"wpb_column vc_column_container vc_col-sm-6\"><div class=\"vc_column-inner\"><div class=\"wpb_wrapper\"><div class=\"vc_btn3-container vc_btn3-center vc_do_btn\" ><a class=\"vc_general vc_btn3 vc_btn3-size-lg vc_btn3-shape-rounded vc_btn3-style-modern vc_btn3-color-info\" href=\"https:\/\/sh1.sendinblue.com\/3h2v6hraz5xpfe.html?t=1726064394170\" title=\"\" target=\"_blank\">Mars 2024<\/a><\/div><div class=\"vc_empty_space\"   style=\"height: 15px\"><span class=\"vc_empty_space_inner\"><\/span><\/div><\/div><\/div><\/div><\/div><div class=\"vc_row wpb_row vc_row-fluid\" ><div class=\"wpb_column vc_column_container vc_col-sm-12\"><div class=\"vc_column-inner\"><div class=\"wpb_wrapper\"><div class=\"vc_empty_space\"   style=\"height: 15px\"><span class=\"vc_empty_space_inner\"><\/span><\/div><h2 style=\"text-align: center\" class=\"vc_custom_heading vc_do_custom_heading\" >Activity reports<\/h2><div class=\"vc_empty_space\"   style=\"height: 15px\"><span class=\"vc_empty_space_inner\"><\/span><\/div>\n\t<div class=\"wpb_text_column wpb_content_element\" >\n\t\t<div class=\"wpb_wrapper\">\n\t\t\t<p style=\"text-align: center;\">Read our latest activity reports and discover all our actions (in French):<\/p>\n\n\t\t<\/div>\n\t<\/div>\n<div class=\"vc_empty_space\"   style=\"height: 15px\"><span class=\"vc_empty_space_inner\"><\/span><\/div><\/div><\/div><\/div><\/div><div class=\"vc_row wpb_row vc_row-fluid\" ><div class=\"wpb_column vc_column_container vc_col-sm-6\"><div class=\"vc_column-inner\"><div class=\"wpb_wrapper\"><div class=\"vc_btn3-container vc_btn3-center vc_do_btn\" ><a class=\"vc_general vc_btn3 vc_btn3-size-lg vc_btn3-shape-rounded vc_btn3-style-modern vc_btn3-color-info\" href=\"https:\/\/drive.google.com\/file\/d\/1umaXyjHqdzdzRJScQCIJNU6Q03F1GtQC\/view?usp=sharing\" title=\"\" target=\"_blank\">2022<\/a><\/div><div class=\"vc_empty_space\"   style=\"height: 15px\"><span class=\"vc_empty_space_inner\"><\/span><\/div><\/div><\/div><\/div><div class=\"wpb_column vc_column_container vc_col-sm-6\"><div class=\"vc_column-inner\"><div class=\"wpb_wrapper\"><div class=\"vc_btn3-container vc_btn3-center vc_do_btn\" ><a class=\"vc_general vc_btn3 vc_btn3-size-lg vc_btn3-shape-rounded vc_btn3-style-modern vc_btn3-color-info\" href=\"https:\/\/drive.google.com\/file\/d\/1pGXHOWyWuXAMr45U8YKX76pTa965rb_E\/view?usp=sharing\" title=\"\" target=\"_blank\">2023<\/a><\/div><div class=\"vc_empty_space\"   style=\"height: 15px\"><span class=\"vc_empty_space_inner\"><\/span><\/div><\/div><\/div><\/div><\/div>\n<\/div>","protected":false},"excerpt":{"rendered":"A l'origine United Schools est n\u00e9 d'une id\u00e9e simple : pourquoi ne pas mettre au c\u0153ur des \u00e9changes entre \u00e9coles le vivre-ensemble et la pr\u00e9servation de la plan\u00e8te ? 2 dijonnais H\u00e9l\u00e8ne et St\u00e9phane, \u00e0 l'origine du projet, se mobilisent donc en 2017 pour d\u00e9velopper le 1er r\u00e9seau social \u00e9cocitoyen entre classes du globe. Avec l'appui du rectorat local, ils [...]","protected":false},"author":1,"featured_media":0,"parent":0,"menu_order":0,"comment_status":"closed","ping_status":"closed","template":"full-width.php","meta":{"footnotes":""},"class_list":["post-635","page","type-page","status-publish","hentry"],"yoast_head":"<!-- This site is optimized with the Yoast SEO plugin v26.1 - https:\/\/yoast.com\/wordpress\/plugins\/seo\/ -->\n<title>A propos - United Schools<\/title>\n<meta name=\"description\" content=\"R\u00e9seau social \u00e9ducatif entre \u00e9coles du monde cr\u00e9\u00e9 par 2 cofondateurs engag\u00e9s et d\u00e9termin\u00e9s. Connecter les 5-16 ans pour qu&#039;ils construisent ensemble leur monde de d&#039;aujourdhui et de demain\" \/>\n<meta name=\"robots\" content=\"index, follow, max-snippet:-1, max-image-preview:large, max-video-preview:-1\" \/>\n<link rel=\"canonical\" href=\"https:\/\/www.unitedschools.world\/en\/a-propos\/\" \/>\n<meta property=\"og:locale\" content=\"en_US\" \/>\n<meta property=\"og:type\" content=\"article\" \/>\n<meta property=\"og:title\" content=\"A propos - United Schools\" \/>\n<meta property=\"og:description\" content=\"R\u00e9seau social \u00e9ducatif entre \u00e9coles du monde cr\u00e9\u00e9 par 2 cofondateurs engag\u00e9s et d\u00e9termin\u00e9s. Connecter les 5-16 ans pour qu&#039;ils construisent ensemble leur monde de d&#039;aujourdhui et de demain\" \/>\n<meta property=\"og:url\" content=\"https:\/\/www.unitedschools.world\/en\/a-propos\/\" \/>\n<meta property=\"og:site_name\" content=\"United Schools\" \/>\n<meta property=\"article:publisher\" content=\"https:\/\/www.facebook.com\/unitedschools.world\/\" \/>\n<meta property=\"article:modified_time\" content=\"2024-09-11T14:20:29+00:00\" \/>\n<meta property=\"og:image\" content=\"https:\/\/www.unitedschools.world\/wp-content\/uploads\/2019\/10\/logoNew-01.png\" \/>\n\t<meta property=\"og:image:width\" content=\"1300\" \/>\n\t<meta property=\"og:image:height\" content=\"245\" \/>\n\t<meta property=\"og:image:type\" content=\"image\/png\" \/>\n<meta name=\"twitter:card\" content=\"summary_large_image\" \/>\n<meta name=\"twitter:site\" content=\"@UnitedSchoolsW\" \/>\n<meta name=\"twitter:label1\" content=\"Est. reading time\" \/>\n\t<meta name=\"twitter:data1\" content=\"3 minutes\" \/>\n<script type=\"application\/ld+json\" class=\"yoast-schema-graph\">{\"@context\":\"https:\/\/schema.org\",\"@graph\":[{\"@type\":\"WebPage\",\"@id\":\"https:\/\/www.unitedschools.world\/a-propos\/\",\"url\":\"https:\/\/www.unitedschools.world\/a-propos\/\",\"name\":\"A propos - United Schools\",\"isPartOf\":{\"@id\":\"https:\/\/www.unitedschools.world\/#website\"},\"datePublished\":\"2018-07-03T05:47:12+00:00\",\"dateModified\":\"2024-09-11T14:20:29+00:00\",\"description\":\"R\u00e9seau social \u00e9ducatif entre \u00e9coles du monde cr\u00e9\u00e9 par 2 cofondateurs engag\u00e9s et d\u00e9termin\u00e9s. Connecter les 5-16 ans pour qu'ils construisent ensemble leur monde de d'aujourdhui et de demain\",\"breadcrumb\":{\"@id\":\"https:\/\/www.unitedschools.world\/a-propos\/#breadcrumb\"},\"inLanguage\":\"en-US\",\"potentialAction\":[{\"@type\":\"ReadAction\",\"target\":[\"https:\/\/www.unitedschools.world\/a-propos\/\"]}]},{\"@type\":\"BreadcrumbList\",\"@id\":\"https:\/\/www.unitedschools.world\/a-propos\/#breadcrumb\",\"itemListElement\":[{\"@type\":\"ListItem\",\"position\":1,\"name\":\"Accueil\",\"item\":\"https:\/\/www.unitedschools.world\/\"},{\"@type\":\"ListItem\",\"position\":2,\"name\":\"A propos\"}]},{\"@type\":\"WebSite\",\"@id\":\"https:\/\/www.unitedschools.world\/#website\",\"url\":\"https:\/\/www.unitedschools.world\/\",\"name\":\"United Schools\",\"description\":\"One world to share\",\"publisher\":{\"@id\":\"https:\/\/www.unitedschools.world\/#organization\"},\"potentialAction\":[{\"@type\":\"SearchAction\",\"target\":{\"@type\":\"EntryPoint\",\"urlTemplate\":\"https:\/\/www.unitedschools.world\/?s={search_term_string}\"},\"query-input\":{\"@type\":\"PropertyValueSpecification\",\"valueRequired\":true,\"valueName\":\"search_term_string\"}}],\"inLanguage\":\"en-US\"},{\"@type\":\"Organization\",\"@id\":\"https:\/\/www.unitedschools.world\/#organization\",\"name\":\"United Schools\",\"url\":\"https:\/\/www.unitedschools.world\/\",\"logo\":{\"@type\":\"ImageObject\",\"inLanguage\":\"en-US\",\"@id\":\"https:\/\/www.unitedschools.world\/#\/schema\/logo\/image\/\",\"url\":\"https:\/\/www.unitedschools.world\/wp-content\/uploads\/2019\/11\/logoNew.png\",\"contentUrl\":\"https:\/\/www.unitedschools.world\/wp-content\/uploads\/2019\/11\/logoNew.png\",\"width\":1300,\"height\":182,\"caption\":\"United Schools\"},\"image\":{\"@id\":\"https:\/\/www.unitedschools.world\/#\/schema\/logo\/image\/\"},\"sameAs\":[\"https:\/\/www.facebook.com\/unitedschools.world\/\",\"https:\/\/x.com\/UnitedSchoolsW\",\"https:\/\/www.instagram.com\/unitedschoolsassociation\/\",\"https:\/\/www.linkedin.com\/company\/united-schools\/\"]}]}<\/script>\n<!-- \/ Yoast SEO plugin. -->","yoast_head_json":{"title":"A propos - United Schools","description":"R\u00e9seau social \u00e9ducatif entre \u00e9coles du monde cr\u00e9\u00e9 par 2 cofondateurs engag\u00e9s et d\u00e9termin\u00e9s. Connecter les 5-16 ans pour qu'ils construisent ensemble leur monde de d'aujourdhui et de demain","robots":{"index":"index","follow":"follow","max-snippet":"max-snippet:-1","max-image-preview":"max-image-preview:large","max-video-preview":"max-video-preview:-1"},"canonical":"https:\/\/www.unitedschools.world\/en\/a-propos\/","og_locale":"en_US","og_type":"article","og_title":"A propos - United Schools","og_description":"R\u00e9seau social \u00e9ducatif entre \u00e9coles du monde cr\u00e9\u00e9 par 2 cofondateurs engag\u00e9s et d\u00e9termin\u00e9s. Connecter les 5-16 ans pour qu'ils construisent ensemble leur monde de d'aujourdhui et de demain","og_url":"https:\/\/www.unitedschools.world\/en\/a-propos\/","og_site_name":"United Schools","article_publisher":"https:\/\/www.facebook.com\/unitedschools.world\/","article_modified_time":"2024-09-11T14:20:29+00:00","og_image":[{"width":1300,"height":245,"url":"https:\/\/www.unitedschools.world\/wp-content\/uploads\/2019\/10\/logoNew-01.png","type":"image\/png"}],"twitter_card":"summary_large_image","twitter_site":"@UnitedSchoolsW","twitter_misc":{"Est. reading time":"3 minutes"},"schema":{"@context":"https:\/\/schema.org","@graph":[{"@type":"WebPage","@id":"https:\/\/www.unitedschools.world\/a-propos\/","url":"https:\/\/www.unitedschools.world\/a-propos\/","name":"A propos - United Schools","isPartOf":{"@id":"https:\/\/www.unitedschools.world\/#website"},"datePublished":"2018-07-03T05:47:12+00:00","dateModified":"2024-09-11T14:20:29+00:00","description":"R\u00e9seau social \u00e9ducatif entre \u00e9coles du monde cr\u00e9\u00e9 par 2 cofondateurs engag\u00e9s et d\u00e9termin\u00e9s. Connecter les 5-16 ans pour qu'ils construisent ensemble leur monde de d'aujourdhui et de demain","breadcrumb":{"@id":"https:\/\/www.unitedschools.world\/a-propos\/#breadcrumb"},"inLanguage":"en-US","potentialAction":[{"@type":"ReadAction","target":["https:\/\/www.unitedschools.world\/a-propos\/"]}]},{"@type":"BreadcrumbList","@id":"https:\/\/www.unitedschools.world\/a-propos\/#breadcrumb","itemListElement":[{"@type":"ListItem","position":1,"name":"Accueil","item":"https:\/\/www.unitedschools.world\/"},{"@type":"ListItem","position":2,"name":"A propos"}]},{"@type":"WebSite","@id":"https:\/\/www.unitedschools.world\/#website","url":"https:\/\/www.unitedschools.world\/","name":"United Schools","description":"One world to share","publisher":{"@id":"https:\/\/www.unitedschools.world\/#organization"},"potentialAction":[{"@type":"SearchAction","target":{"@type":"EntryPoint","urlTemplate":"https:\/\/www.unitedschools.world\/?s={search_term_string}"},"query-input":{"@type":"PropertyValueSpecification","valueRequired":true,"valueName":"search_term_string"}}],"inLanguage":"en-US"},{"@type":"Organization","@id":"https:\/\/www.unitedschools.world\/#organization","name":"United Schools","url":"https:\/\/www.unitedschools.world\/","logo":{"@type":"ImageObject","inLanguage":"en-US","@id":"https:\/\/www.unitedschools.world\/#\/schema\/logo\/image\/","url":"https:\/\/www.unitedschools.world\/wp-content\/uploads\/2019\/11\/logoNew.png","contentUrl":"https:\/\/www.unitedschools.world\/wp-content\/uploads\/2019\/11\/logoNew.png","width":1300,"height":182,"caption":"United Schools"},"image":{"@id":"https:\/\/www.unitedschools.world\/#\/schema\/logo\/image\/"},"sameAs":["https:\/\/www.facebook.com\/unitedschools.world\/","https:\/\/x.com\/UnitedSchoolsW","https:\/\/www.instagram.com\/unitedschoolsassociation\/","https:\/\/www.linkedin.com\/company\/united-schools\/"]}]}},"amp_enabled":false,"_links":{"self":[{"href":"https:\/\/www.unitedschools.world\/en\/wp-json\/wp\/v2\/pages\/635","targetHints":{"allow":["GET"]}}],"collection":[{"href":"https:\/\/www.unitedschools.world\/en\/wp-json\/wp\/v2\/pages"}],"about":[{"href":"https:\/\/www.unitedschools.world\/en\/wp-json\/wp\/v2\/types\/page"}],"author":[{"embeddable":true,"href":"https:\/\/www.unitedschools.world\/en\/wp-json\/wp\/v2\/users\/1"}],"replies":[{"embeddable":true,"href":"https:\/\/www.unitedschools.world\/en\/wp-json\/wp\/v2\/comments?post=635"}],"version-history":[{"count":79,"href":"https:\/\/www.unitedschools.world\/en\/wp-json\/wp\/v2\/pages\/635\/revisions"}],"predecessor-version":[{"id":5113,"href":"https:\/\/www.unitedschools.world\/en\/wp-json\/wp\/v2\/pages\/635\/revisions\/5113"}],"wp:attachment":[{"href":"https:\/\/www.unitedschools.world\/en\/wp-json\/wp\/v2\/media?parent=635"}],"curies":[{"name":"wp","href":"https:\/\/api.w.org\/{rel}","templated":true}]}}