{"id":3549,"date":"2020-06-25T11:21:30","date_gmt":"2020-06-25T09:21:30","guid":{"rendered":"https:\/\/www.unitedschools.world\/?page_id=3549"},"modified":"2024-02-09T13:38:13","modified_gmt":"2024-02-09T12:38:13","slug":"soutiens","status":"publish","type":"page","link":"https:\/\/www.unitedschools.world\/en\/soutiens\/","title":{"rendered":"soutiens"},"content":{"rendered":"<div class=\"wpb-content-wrapper\"><div class=\"vc_row wpb_row vc_row-fluid\" ><div class=\"wpb_column vc_column_container vc_col-sm-12\"><div class=\"vc_column-inner\"><div class=\"wpb_wrapper\"><div class=\"eltdf-section-title-holder  eltdf-st-standard eltdf-st-title-left eltdf-st-normal-space\" >\n\t<div class=\"eltdf-st-inner\">\n\t\t\t\t\t<h2 class=\"eltdf-st-title\" >\n\t\t\t\tAidez United Schools\t\t\t<\/h2>\n\t\t\t\t\t\t\t\t\t<h5 class=\"eltdf-st-text\" >\n\t\t\t\tPermettez \u00e0 des milliers d'\u00e9l\u00e8ves de construire le monde d'aujourd'hui et de demain !\t\t\t<\/h5>\n\t\t\t<\/div>\n<\/div>\n\t<div class=\"wpb_text_column wpb_content_element\" >\n\t\t<div class=\"wpb_wrapper\">\n\t\t\t<p>Depuis 2017, notre association, <strong>reconnue d&rsquo;int\u00e9r\u00eat g\u00e9n\u00e9ral<\/strong>, d\u00e9veloppe et anime un r\u00e9seau social \u00e9cocitoyen entre \u00e9coles du monde ! Vous pouvez nous aider dans notre mission de 2 fa\u00e7ons et votre g\u00e9n\u00e9rosit\u00e9 est <strong>d\u00e9ductible \u00e0 66% de vos imp\u00f4ts<\/strong> :<\/p>\n\n\t\t<\/div>\n\t<\/div>\n<div class=\"vc_empty_space\"   style=\"height: 20px\"><span class=\"vc_empty_space_inner\"><\/span><\/div><\/div><\/div><\/div><\/div><div class=\"vc_row wpb_row vc_row-fluid eltdf-content-aligment-center\" ><div class=\"wpb_column vc_column_container vc_col-sm-3\"><div class=\"vc_column-inner\"><div class=\"wpb_wrapper\"><\/div><\/div><\/div><div class=\"wpb_column vc_column_container vc_col-sm-3\"><div class=\"vc_column-inner\"><div class=\"wpb_wrapper\"><div class=\"eltdf-section-title-holder  eltdf-st-standard eltdf-st-title-left eltdf-st-normal-space\" style=\"text-align: center\">\n\t<div class=\"eltdf-st-inner\">\n\t\t\t\t\t<h2 class=\"eltdf-st-title\" >\n\t\t\t\tAdh\u00e9rez\t\t\t<\/h2>\n\t\t\t\t\t\t\t<div class=\"eltdf-separator-holder clearfix  eltdf-separator-center\">\n\t<div class=\"eltdf-separator\" style=\"border-color: #ff1949;width: 38px;border-bottom-width: 3px;margin-top: 23px;margin-bottom: 9px\"><\/div>\n<\/div>\n\t\t\t\t\t<\/div>\n<\/div><div class=\"vc_empty_space\"   style=\"height: 20px\"><span class=\"vc_empty_space_inner\"><\/span><\/div>\n\t<div  class=\"wpb_single_image wpb_content_element vc_align_center wpb_content_element\">\n\t\t\n\t\t<figure class=\"wpb_wrapper vc_figure\">\n\t\t\t<a href=\"https:\/\/www.helloasso.com\/associations\/united-schools\/adhesions\/adhesion-united-schools-2020\" target=\"_self\" class=\"vc_single_image-wrapper   vc_box_border_grey\"><img loading=\"lazy\" decoding=\"async\" width=\"213\" height=\"300\" src=\"https:\/\/www.unitedschools.world\/wp-content\/uploads\/2020\/10\/Enfant_planet2-213x300.jpg\" class=\"vc_single_image-img attachment-medium\" alt=\"\" title=\"Little boy with graduation cap and globe\" srcset=\"https:\/\/www.unitedschools.world\/wp-content\/uploads\/2020\/10\/Enfant_planet2-213x300.jpg 213w, https:\/\/www.unitedschools.world\/wp-content\/uploads\/2020\/10\/Enfant_planet2.jpg 250w\" sizes=\"auto, (max-width: 213px) 100vw, 213px\" \/><\/a>\n\t\t<\/figure>\n\t<\/div>\n\n\t<div class=\"wpb_text_column wpb_content_element\" >\n\t\t<div class=\"wpb_wrapper\">\n\t\t\t<ul>\n<li style=\"list-style-type: none;\">\n<ul>\n<li style=\"list-style-type: none;\">\n<ul>\n<li style=\"text-align: left;\"><strong>Partagez<\/strong> nos valeurs<\/li>\n<li style=\"text-align: left;\"><strong>Suivez<\/strong> l&rsquo;actualit\u00e9<\/li>\n<li style=\"text-align: left;\"><strong>Votez<\/strong> les grandes d\u00e9cisions<\/li>\n<li style=\"text-align: left;\"><strong>Impliquez<\/strong>-vous si vous le souhaitez<\/li>\n<\/ul>\n<\/li>\n<\/ul>\n<\/li>\n<\/ul>\n\n\t\t<\/div>\n\t<\/div>\n<div class=\"vc_empty_space\"   style=\"height: 20px\"><span class=\"vc_empty_space_inner\"><\/span><\/div><div class=\"vc_btn3-container vc_btn3-center vc_do_btn\" ><a class=\"vc_general vc_btn3 vc_btn3-size-lg vc_btn3-shape-square vc_btn3-style-modern vc_btn3-icon-left vc_btn3-color-green\" href=\"https:\/\/www.helloasso.com\/associations\/united-schools\/adhesions\/adhesion-united-schools-2024\" title=\"Donnez\"><i class=\"vc_btn3-icon vc_li vc_li-news\"><\/i> Adh\u00e9rez en 2mn<\/a><\/div><\/div><\/div><\/div><div class=\"wpb_column vc_column_container vc_col-sm-3\"><div class=\"vc_column-inner\"><div class=\"wpb_wrapper\"><div class=\"eltdf-section-title-holder  eltdf-st-standard eltdf-st-title-left eltdf-st-normal-space\" >\n\t<div class=\"eltdf-st-inner\">\n\t\t\t\t\t<h2 class=\"eltdf-st-title\" >\n\t\t\t\tSoutenez\t\t\t<\/h2>\n\t\t\t\t\t\t\t<div class=\"eltdf-separator-holder clearfix  eltdf-separator-center\">\n\t<div class=\"eltdf-separator\" style=\"border-color: #ff1949;width: 38px;border-bottom-width: 3px;margin-top: 23px;margin-bottom: 9px\"><\/div>\n<\/div>\n\t\t\t\t\t<\/div>\n<\/div><div class=\"vc_empty_space\"   style=\"height: 20px\"><span class=\"vc_empty_space_inner\"><\/span><\/div>\n\t<div  class=\"wpb_single_image wpb_content_element vc_align_center wpb_content_element\">\n\t\t\n\t\t<figure class=\"wpb_wrapper vc_figure\">\n\t\t\t<a href=\"https:\/\/www.helloasso.com\/associations\/united-schools\/formulaires\/1\" target=\"_self\" class=\"vc_single_image-wrapper   vc_box_border_grey\"><img loading=\"lazy\" decoding=\"async\" width=\"217\" height=\"300\" src=\"https:\/\/www.unitedschools.world\/wp-content\/uploads\/2020\/10\/Crayons-217x300.jpg\" class=\"vc_single_image-img attachment-medium\" alt=\"\" title=\"education. Back to school concept. rocket cut from paper and painted over blackboard background. top view, flat lay. banner\" srcset=\"https:\/\/www.unitedschools.world\/wp-content\/uploads\/2020\/10\/Crayons-217x300.jpg 217w, https:\/\/www.unitedschools.world\/wp-content\/uploads\/2020\/10\/Crayons.jpg 254w\" sizes=\"auto, (max-width: 217px) 100vw, 217px\" \/><\/a>\n\t\t<\/figure>\n\t<\/div>\n\n\t<div class=\"wpb_text_column wpb_content_element\" >\n\t\t<div class=\"wpb_wrapper\">\n\t\t\t<ul>\n<li style=\"list-style-type: none;\">\n<ul>\n<li style=\"list-style-type: none;\">\n<ul>\n<li style=\"text-align: left;\"><strong>Donnez<\/strong> sans implication<\/li>\n<li style=\"text-align: left;\"><strong>Soutenez<\/strong> notre action<\/li>\n<li style=\"text-align: left;\"><strong>Encouragez<\/strong> notre d\u00e9veloppement<\/li>\n<li style=\"text-align: left;\"><strong>\u0152uvrez<\/strong> pour l&rsquo;\u00e9ducation<\/li>\n<\/ul>\n<\/li>\n<\/ul>\n<\/li>\n<\/ul>\n\n\t\t<\/div>\n\t<\/div>\n<div class=\"vc_empty_space\"   style=\"height: 20px\"><span class=\"vc_empty_space_inner\"><\/span><\/div><div class=\"vc_btn3-container vc_btn3-center vc_do_btn\" ><a class=\"vc_general vc_btn3 vc_btn3-size-lg vc_btn3-shape-square vc_btn3-style-modern vc_btn3-icon-left vc_btn3-color-green\" href=\"https:\/\/www.helloasso.com\/associations\/united-schools\/formulaires\/1\" title=\"Donnez\"><i class=\"vc_btn3-icon vc_li vc_li-user\"><\/i> Soutenez en 2mn<\/a><\/div><\/div><\/div><\/div><div class=\"wpb_column vc_column_container vc_col-sm-3\"><div class=\"vc_column-inner\"><div class=\"wpb_wrapper\"><\/div><\/div><\/div><\/div><div class=\"vc_row wpb_row vc_row-fluid\" ><div class=\"wpb_column vc_column_container vc_col-sm-12\"><div class=\"vc_column-inner\"><div class=\"wpb_wrapper\"><div class=\"vc_empty_space\"   style=\"height: 20px\"><span class=\"vc_empty_space_inner\"><\/span><\/div>\n\t<div class=\"wpb_text_column wpb_content_element\" >\n\t\t<div class=\"wpb_wrapper\">\n\t\t\t<p style=\"text-align: center;\">Vos soutiens sont pr\u00e9cieux pour <strong>garantir la gratuit\u00e9 aux \u00e9coles<\/strong> utilisatrices. Une adh\u00e9sion ou un don de 50\u20ac permet \u00e0 un enseignant et sa\/ses classe.s de <strong>profiter de notre action durant 1 trimestre<\/strong> !<\/p>\n\n\t\t<\/div>\n\t<\/div>\n<\/div><\/div><\/div><\/div><section class=\"vc_section\"><\/section>\n<\/div>","protected":false},"excerpt":{"rendered":"Aidez United Schools Permettez \u00e0 des milliers d'\u00e9l\u00e8ves de construire le monde d'aujourd'hui et de demain ! Depuis 2017, notre association, reconnue d'int\u00e9r\u00eat g\u00e9n\u00e9ral, d\u00e9veloppe et anime un r\u00e9seau social \u00e9cocitoyen entre \u00e9coles du monde ! Vous pouvez nous aider dans notre mission de 2 fa\u00e7ons et votre g\u00e9n\u00e9rosit\u00e9 est d\u00e9ductible \u00e0 66% de vos imp\u00f4ts : Adh\u00e9rez Partagez nos [...]","protected":false},"author":2,"featured_media":0,"parent":0,"menu_order":0,"comment_status":"closed","ping_status":"closed","template":"","meta":{"footnotes":""},"class_list":["post-3549","page","type-page","status-publish","hentry"],"yoast_head":"<!-- This site is optimized with the Yoast SEO plugin v26.1 - https:\/\/yoast.com\/wordpress\/plugins\/seo\/ -->\n<title>soutiens - United Schools<\/title>\n<meta name=\"description\" content=\"Aidez-nous \u00e0 accompagner une jeunesse ouverte et \u00e9cocitoyenne ! Adh\u00e9rez ou soutenez notre association reconnue d&#039;int\u00e9r\u00eat g\u00e9n\u00e9ral et d\u00e9duisez de vos imp\u00f4ts jusqu&#039;\u00e0 66% de la somme !\" \/>\n<meta name=\"robots\" content=\"index, follow, max-snippet:-1, max-image-preview:large, max-video-preview:-1\" \/>\n<link rel=\"canonical\" href=\"https:\/\/www.unitedschools.world\/en\/soutiens\/\" \/>\n<meta property=\"og:locale\" content=\"en_US\" \/>\n<meta property=\"og:type\" content=\"article\" \/>\n<meta property=\"og:title\" content=\"soutiens - United Schools\" \/>\n<meta property=\"og:description\" content=\"Aidez-nous \u00e0 accompagner une jeunesse ouverte et \u00e9cocitoyenne ! Adh\u00e9rez ou soutenez notre association reconnue d&#039;int\u00e9r\u00eat g\u00e9n\u00e9ral et d\u00e9duisez de vos imp\u00f4ts jusqu&#039;\u00e0 66% de la somme !\" \/>\n<meta property=\"og:url\" content=\"https:\/\/www.unitedschools.world\/en\/soutiens\/\" \/>\n<meta property=\"og:site_name\" content=\"United Schools\" \/>\n<meta property=\"article:publisher\" content=\"https:\/\/www.facebook.com\/unitedschools.world\/\" \/>\n<meta property=\"article:modified_time\" content=\"2024-02-09T12:38:13+00:00\" \/>\n<meta property=\"og:image\" content=\"https:\/\/www.unitedschools.world\/wp-content\/uploads\/2019\/10\/logoNew-01.png\" \/>\n\t<meta property=\"og:image:width\" content=\"1300\" \/>\n\t<meta property=\"og:image:height\" content=\"245\" \/>\n\t<meta property=\"og:image:type\" content=\"image\/png\" \/>\n<meta name=\"twitter:card\" content=\"summary_large_image\" \/>\n<meta name=\"twitter:site\" content=\"@UnitedSchoolsW\" \/>\n<meta name=\"twitter:label1\" content=\"Est. reading time\" \/>\n\t<meta name=\"twitter:data1\" content=\"1 minute\" \/>\n<script type=\"application\/ld+json\" class=\"yoast-schema-graph\">{\"@context\":\"https:\/\/schema.org\",\"@graph\":[{\"@type\":\"WebPage\",\"@id\":\"https:\/\/www.unitedschools.world\/soutiens\/\",\"url\":\"https:\/\/www.unitedschools.world\/soutiens\/\",\"name\":\"soutiens - United Schools\",\"isPartOf\":{\"@id\":\"https:\/\/www.unitedschools.world\/#website\"},\"datePublished\":\"2020-06-25T09:21:30+00:00\",\"dateModified\":\"2024-02-09T12:38:13+00:00\",\"description\":\"Aidez-nous \u00e0 accompagner une jeunesse ouverte et \u00e9cocitoyenne ! Adh\u00e9rez ou soutenez notre association reconnue d'int\u00e9r\u00eat g\u00e9n\u00e9ral et d\u00e9duisez de vos imp\u00f4ts jusqu'\u00e0 66% de la somme !\",\"breadcrumb\":{\"@id\":\"https:\/\/www.unitedschools.world\/soutiens\/#breadcrumb\"},\"inLanguage\":\"en-US\",\"potentialAction\":[{\"@type\":\"ReadAction\",\"target\":[\"https:\/\/www.unitedschools.world\/soutiens\/\"]}]},{\"@type\":\"BreadcrumbList\",\"@id\":\"https:\/\/www.unitedschools.world\/soutiens\/#breadcrumb\",\"itemListElement\":[{\"@type\":\"ListItem\",\"position\":1,\"name\":\"Accueil\",\"item\":\"https:\/\/www.unitedschools.world\/\"},{\"@type\":\"ListItem\",\"position\":2,\"name\":\"soutiens\"}]},{\"@type\":\"WebSite\",\"@id\":\"https:\/\/www.unitedschools.world\/#website\",\"url\":\"https:\/\/www.unitedschools.world\/\",\"name\":\"United Schools\",\"description\":\"One world to share\",\"publisher\":{\"@id\":\"https:\/\/www.unitedschools.world\/#organization\"},\"potentialAction\":[{\"@type\":\"SearchAction\",\"target\":{\"@type\":\"EntryPoint\",\"urlTemplate\":\"https:\/\/www.unitedschools.world\/?s={search_term_string}\"},\"query-input\":{\"@type\":\"PropertyValueSpecification\",\"valueRequired\":true,\"valueName\":\"search_term_string\"}}],\"inLanguage\":\"en-US\"},{\"@type\":\"Organization\",\"@id\":\"https:\/\/www.unitedschools.world\/#organization\",\"name\":\"United Schools\",\"url\":\"https:\/\/www.unitedschools.world\/\",\"logo\":{\"@type\":\"ImageObject\",\"inLanguage\":\"en-US\",\"@id\":\"https:\/\/www.unitedschools.world\/#\/schema\/logo\/image\/\",\"url\":\"https:\/\/www.unitedschools.world\/wp-content\/uploads\/2019\/11\/logoNew.png\",\"contentUrl\":\"https:\/\/www.unitedschools.world\/wp-content\/uploads\/2019\/11\/logoNew.png\",\"width\":1300,\"height\":182,\"caption\":\"United Schools\"},\"image\":{\"@id\":\"https:\/\/www.unitedschools.world\/#\/schema\/logo\/image\/\"},\"sameAs\":[\"https:\/\/www.facebook.com\/unitedschools.world\/\",\"https:\/\/x.com\/UnitedSchoolsW\",\"https:\/\/www.instagram.com\/unitedschoolsassociation\/\",\"https:\/\/www.linkedin.com\/company\/united-schools\/\"]}]}<\/script>\n<!-- \/ Yoast SEO plugin. -->","yoast_head_json":{"title":"soutiens - United Schools","description":"Aidez-nous \u00e0 accompagner une jeunesse ouverte et \u00e9cocitoyenne ! Adh\u00e9rez ou soutenez notre association reconnue d'int\u00e9r\u00eat g\u00e9n\u00e9ral et d\u00e9duisez de vos imp\u00f4ts jusqu'\u00e0 66% de la somme !","robots":{"index":"index","follow":"follow","max-snippet":"max-snippet:-1","max-image-preview":"max-image-preview:large","max-video-preview":"max-video-preview:-1"},"canonical":"https:\/\/www.unitedschools.world\/en\/soutiens\/","og_locale":"en_US","og_type":"article","og_title":"soutiens - United Schools","og_description":"Aidez-nous \u00e0 accompagner une jeunesse ouverte et \u00e9cocitoyenne ! Adh\u00e9rez ou soutenez notre association reconnue d'int\u00e9r\u00eat g\u00e9n\u00e9ral et d\u00e9duisez de vos imp\u00f4ts jusqu'\u00e0 66% de la somme !","og_url":"https:\/\/www.unitedschools.world\/en\/soutiens\/","og_site_name":"United Schools","article_publisher":"https:\/\/www.facebook.com\/unitedschools.world\/","article_modified_time":"2024-02-09T12:38:13+00:00","og_image":[{"width":1300,"height":245,"url":"https:\/\/www.unitedschools.world\/wp-content\/uploads\/2019\/10\/logoNew-01.png","type":"image\/png"}],"twitter_card":"summary_large_image","twitter_site":"@UnitedSchoolsW","twitter_misc":{"Est. reading time":"1 minute"},"schema":{"@context":"https:\/\/schema.org","@graph":[{"@type":"WebPage","@id":"https:\/\/www.unitedschools.world\/soutiens\/","url":"https:\/\/www.unitedschools.world\/soutiens\/","name":"soutiens - United Schools","isPartOf":{"@id":"https:\/\/www.unitedschools.world\/#website"},"datePublished":"2020-06-25T09:21:30+00:00","dateModified":"2024-02-09T12:38:13+00:00","description":"Aidez-nous \u00e0 accompagner une jeunesse ouverte et \u00e9cocitoyenne ! Adh\u00e9rez ou soutenez notre association reconnue d'int\u00e9r\u00eat g\u00e9n\u00e9ral et d\u00e9duisez de vos imp\u00f4ts jusqu'\u00e0 66% de la somme !","breadcrumb":{"@id":"https:\/\/www.unitedschools.world\/soutiens\/#breadcrumb"},"inLanguage":"en-US","potentialAction":[{"@type":"ReadAction","target":["https:\/\/www.unitedschools.world\/soutiens\/"]}]},{"@type":"BreadcrumbList","@id":"https:\/\/www.unitedschools.world\/soutiens\/#breadcrumb","itemListElement":[{"@type":"ListItem","position":1,"name":"Accueil","item":"https:\/\/www.unitedschools.world\/"},{"@type":"ListItem","position":2,"name":"soutiens"}]},{"@type":"WebSite","@id":"https:\/\/www.unitedschools.world\/#website","url":"https:\/\/www.unitedschools.world\/","name":"United Schools","description":"One world to share","publisher":{"@id":"https:\/\/www.unitedschools.world\/#organization"},"potentialAction":[{"@type":"SearchAction","target":{"@type":"EntryPoint","urlTemplate":"https:\/\/www.unitedschools.world\/?s={search_term_string}"},"query-input":{"@type":"PropertyValueSpecification","valueRequired":true,"valueName":"search_term_string"}}],"inLanguage":"en-US"},{"@type":"Organization","@id":"https:\/\/www.unitedschools.world\/#organization","name":"United Schools","url":"https:\/\/www.unitedschools.world\/","logo":{"@type":"ImageObject","inLanguage":"en-US","@id":"https:\/\/www.unitedschools.world\/#\/schema\/logo\/image\/","url":"https:\/\/www.unitedschools.world\/wp-content\/uploads\/2019\/11\/logoNew.png","contentUrl":"https:\/\/www.unitedschools.world\/wp-content\/uploads\/2019\/11\/logoNew.png","width":1300,"height":182,"caption":"United Schools"},"image":{"@id":"https:\/\/www.unitedschools.world\/#\/schema\/logo\/image\/"},"sameAs":["https:\/\/www.facebook.com\/unitedschools.world\/","https:\/\/x.com\/UnitedSchoolsW","https:\/\/www.instagram.com\/unitedschoolsassociation\/","https:\/\/www.linkedin.com\/company\/united-schools\/"]}]}},"amp_enabled":true,"_links":{"self":[{"href":"https:\/\/www.unitedschools.world\/en\/wp-json\/wp\/v2\/pages\/3549","targetHints":{"allow":["GET"]}}],"collection":[{"href":"https:\/\/www.unitedschools.world\/en\/wp-json\/wp\/v2\/pages"}],"about":[{"href":"https:\/\/www.unitedschools.world\/en\/wp-json\/wp\/v2\/types\/page"}],"author":[{"embeddable":true,"href":"https:\/\/www.unitedschools.world\/en\/wp-json\/wp\/v2\/users\/2"}],"replies":[{"embeddable":true,"href":"https:\/\/www.unitedschools.world\/en\/wp-json\/wp\/v2\/comments?post=3549"}],"version-history":[{"count":66,"href":"https:\/\/www.unitedschools.world\/en\/wp-json\/wp\/v2\/pages\/3549\/revisions"}],"predecessor-version":[{"id":5033,"href":"https:\/\/www.unitedschools.world\/en\/wp-json\/wp\/v2\/pages\/3549\/revisions\/5033"}],"wp:attachment":[{"href":"https:\/\/www.unitedschools.world\/en\/wp-json\/wp\/v2\/media?parent=3549"}],"curies":[{"name":"wp","href":"https:\/\/api.w.org\/{rel}","templated":true}]}}