{"id":3469,"date":"2020-02-24T11:45:42","date_gmt":"2020-02-24T10:45:42","guid":{"rendered":"https:\/\/www.unitedschools.world\/?page_id=3469"},"modified":"2025-01-06T13:31:02","modified_gmt":"2025-01-06T12:31:02","slug":"politique-de-confidentialite","status":"publish","type":"page","link":"https:\/\/www.unitedschools.world\/en\/politique-de-confidentialite\/","title":{"rendered":"Privacy policy"},"content":{"rendered":"<h3 class=\"wp-block-heading\"><strong>Pr\u00e9ambule et d\u00e9finitions<\/strong><\/h3>\n\n\n\n<p>Cette politique de confidentialit\u00e9 est exclusivement applicable \u00e0 notre site web vitrine de l&rsquo;association (https:\/\/www.unitedschools.world\/).<br>Une autre politique de confidentialit\u00e9 est propre \u00e0 notre plateforme \u00e9ducative. Pour votre information, la voici en lien <a href=\"https:\/\/app.unitedschools.world\/terms\/privacy-policy\">ICI<\/a>.<\/p>\n\n\n\n<p>Chez UNITED SCHOOLS, nous accordons une importance particuli\u00e8re \u00e0 la confidentialit\u00e9 et \u00e0 la s\u00e9curit\u00e9 de vos donn\u00e9es. C\u2019est pourquoi nous mettons tout en \u0153uvre pour que nos processus techniques et op\u00e9rationnels respectent vos droits relatifs \u00e0 la protection de vos donn\u00e9es personnelles.<\/p>\n\n\n\n<p>Conform\u00e9ment&nbsp;\u00e0 la loi \u00ab&nbsp;Informatique et Libert\u00e9s&nbsp;\u00bb&nbsp;n\u00b078-17 du 6 janvier 1978, ainsi qu\u2019au nouveau R\u00e8glement G\u00e9n\u00e9ral sur la Protection des Donn\u00e9es (RGPD), vous disposez d\u2019un droit d\u2019acc\u00e8s, de modification, de rectification et de suppression des donn\u00e9es qui vous concernent.<\/p>\n\n\n\n<p>La pr\u00e9sente Politique de Confidentialit\u00e9 vise \u00e0 vous donner toutes les informations relatives \u00e0 la protection de vos donn\u00e9es personnelles mise en place par UNITED SCHOOLS.<\/p>\n\n\n\n<h3 class=\"wp-block-heading\"><strong>Donn\u00e9es personnelles<\/strong><\/h3>\n\n\n\n<p>Les \u201cdonn\u00e9es personnelles\u201d d\u00e9signent l\u2019ensemble des donn\u00e9es que nous sommes susceptibles d\u2019enregistrer par le biais de nos divers formulaires et qui peuvent permettre de vous identifier.<\/p>\n\n\n\n<p>Concr\u00e8tement, cela peut aller de la simple adresse e-mail ou de votre num\u00e9ro de t\u00e9l\u00e9phone en passant par vos nom et pr\u00e9nom ou encore \u00e0 des donn\u00e9es plus \u00ab&nbsp;sensibles&nbsp;\u00bb comme des informations sur votre activit\u00e9 ou encore sur votre entreprise.<\/p>\n\n\n\n<h3 class=\"wp-block-heading\"><strong>Collecte et consentement<\/strong><\/h3>\n\n\n\n<p>Tous les formulaires pr\u00e9sents sur notre site sont conformes au RGPD.<\/p>\n\n\n\n<p>Aussi, lorsque vous remplissez l\u2019un de nos formulaires, vous reconnaissez avoir pris connaissance de la pr\u00e9sente Politique de Confidentialit\u00e9 et vous convenez et acceptez que UNITED SCHOOLS puisse recueillir, traiter, stocker et\/ou utiliser ces donn\u00e9es personnelles, dans le respect des r\u00e8gles de confidentialit\u00e9 et de s\u00e9curit\u00e9 expos\u00e9es ci-apr\u00e8s.<\/p>\n\n\n\n<h3 class=\"wp-block-heading\"><strong>Identit\u00e9 et responsabilit\u00e9 du traitement de vos donn\u00e9es personnelles<\/strong><\/h3>\n\n\n\n<p>L\u2019ensemble des donn\u00e9es personnelles sont collect\u00e9es sur notre site via l&rsquo;op\u00e9rateur SENDINBLUE (https:\/\/fr.sendinblue.com\/) et trait\u00e9es par UNITED SCHOOLS.<\/p>\n\n\n\n<h3 class=\"wp-block-heading\"><strong>Donn\u00e9es collect\u00e9es sur le site<\/strong><\/h3>\n\n\n\n<p>Lorsque vous remplissez l\u2019un de nos formulaires, seul votre adresse Email peut \u00eatre collect\u00e9e et\/ou enregistr\u00e9e.<\/p>\n\n\n\n<p>Certaines donn\u00e9es peuvent \u00e9galement \u00eatre collect\u00e9es automatiquement du fait de vos actions sur le site (voir le paragraphe relatif aux cookies ci-dessous).<\/p>\n\n\n\n<h3 class=\"wp-block-heading\"><strong>Destinataire des donn\u00e9es collect\u00e9es sur le site<\/strong><\/h3>\n\n\n\n<p>Les donn\u00e9es personnelles vous concernant collect\u00e9es sur notre site sont destin\u00e9es \u00e0 l\u2019utilisation exclusive de UNITED SCHOOLS.<\/p>\n\n\n\n<p>La base de donn\u00e9es de UNITED SCHOOLS n\u2019est utilis\u00e9e que par UNITED SCHOOLS et nous nous engageons \u00e0 ne pas vendre, louer, partager ou divulguer vos donn\u00e9es nominatives \u00e0 des tiers.<\/p>\n\n\n\n<h3 class=\"wp-block-heading\"><strong>Traitement, stockage et s\u00e9curit\u00e9 de vos donn\u00e9es personnelles<\/strong><\/h3>\n\n\n\n<p>L\u2019ensemble de vos donn\u00e9es personnelles sont trait\u00e9es, stock\u00e9es et utilis\u00e9es avec toute la s\u00e9curit\u00e9 n\u00e9cessaire par UNITED SCHOOLS via les outils de l&rsquo;op\u00e9rateur de confiance SENDINBLUE.<\/p>\n\n\n\n<p>Aussi, nous nous assurons que ces outils respectent les normes fix\u00e9es par le nouveau R\u00e8glement G\u00e9n\u00e9ral sur la Protection des Donn\u00e9es, en vigueur depuis le 25 mai 2018 au sein de l\u2019Union Europ\u00e9enne. Leur politique de confidentialit\u00e9 est consultable <a href=\"https:\/\/fr.sendinblue.com\/legal\/privacypolicy\/\">ICI<\/a>.<\/p>\n\n\n\n<h3 class=\"wp-block-heading\"><strong>Newsletters Et information importantes<\/strong><\/h3>\n\n\n\n<p>L\u2019ensemble de nos formulaires vous permettent de d\u00e9cider si vous souhaitez ou non recevoir notre newsletter et nos informations importantes.<\/p>\n\n\n\n<p>Vous pouvez d\u00e9cider de recevoir ou non ces E-mails, conform\u00e9ment au RGPD. Sans ce consentement explicite de votre part, et dans le cas o\u00f9 vous avez compl\u00e9t\u00e9 l\u2019un de nos formulaires, UNITED SCHOOLS s\u2019engage \u00e0 ne vous envoyer que les e-mails n\u00e9cessaires au bon traitement de votre demande.<\/p>\n\n\n\n<p>Ce consentement initial donn\u00e9 par vous-m\u00eame peut \u00eatre r\u00e9voqu\u00e9 \u00e0 n\u2019importe quel moment. En effet, si vous ne souhaitez plus recevoir d\u2019e-mails de la part de UNITED SCHOOLS, il vous suffit de cliquer sur les liens de d\u00e9sabonnement pr\u00e9vus \u00e0 cet effet et pr\u00e9sents dans absolument tous nos e-mails.<\/p>\n\n\n\n<p>Vous pouvez \u00e9galement nous contacter sur contact@unitedschools.world pour nous signaler ce souhait de r\u00e9vocation.<\/p>\n\n\n\n<h3 class=\"wp-block-heading\"><strong>Cookies et code de tracking<\/strong><\/h3>\n\n\n\n<p>Dans certains cas, UNITED SCHOOLS pourra \u00eatre amen\u00e9e \u00e0 utiliser des cookies, ainsi que le code de tracking de certains outils.<\/p>\n\n\n\n<p>\u00c0 noter qu\u2019un cookie aussi nomm\u00e9 \u00ab traceur \u00bb ou \u00ab t\u00e9moin de connexion&nbsp;\u00bb est l\u2019\u00e9quivalent d\u2019un petit fichier texte stock\u00e9 sur le terminal de l\u2019internaute et contenant des informations relatives \u00e0 sa navigation sur Internet : pages consult\u00e9es, date et heure de consultation, pr\u00e9f\u00e9rences quant aux param\u00e8tres des sites visit\u00e9s, reconnaissance de sa pr\u00e9sence sur des r\u00e9seaux sociaux \u00e0 travers les boutons de partage, etc.<\/p>\n\n\n\n<p>L\u2019utilisateur sera dans ce cas inform\u00e9 par un message\/une fen\u00eatre pop-up, d\u00e8s sa premi\u00e8re navigation, que le site utilise des cookies. Et ce :<\/p>\n\n\n\n<ul class=\"wp-block-list\">\n<li>pour lui proposer des informations adapt\u00e9es \u00e0 ses centres d\u2019int\u00e9r\u00eats,<\/li>\n\n\n\n<li>pour mesurer l\u2019audience du site.<\/li>\n<\/ul>\n\n\n\n<p>Le site UNITED SCHOOLS s\u2019engage \u00e0 ce que ces cookies ne permettent pas l\u2019identification personnelle de l\u2019utilisateur, ni toute utilisation de ses donn\u00e9es personnelles par des tiers.<\/p>\n\n\n\n<p>\u00c0 noter que la dur\u00e9e de conservation de ces \u00ab cookies \u00bb dans l\u2019ordinateur de l\u2019utilisateur ne peut exc\u00e9der un mois. Le consentement de l\u2019utilisateur concernant l\u2019utilisation des cookies par le site \u00e9tant quant \u00e0 lui valable 13 mois maximum, conform\u00e9ment \u00e0 l\u2019article 32-II de la loi du 6 janvier 1978, modifi\u00e9 par l\u2019ordonnance n\u00b02011-1012 du 24 ao\u00fbt 2011, l\u2019utilisateur devra, une fois ce d\u00e9lai pass\u00e9, \u00e0 nouveau r\u00e9it\u00e9rer ou non son consentement.<\/p>\n\n\n\n<p>L\u2019utilisateur peut, s\u2019il le souhaite, s\u2019opposer \u00e0 la mise en place de cookies. Pour cela, ce dernier peut :<\/p>\n\n\n\n<ul class=\"wp-block-list\">\n<li>soit refuser l\u2019utilisation des cookies lors de sa premi\u00e8re connexion sur le site en cliquant sur le bandeau pr\u00e9vu \u00e0 cet effet, auquel cas il ne nous sera plus possible alors de lui offrir toutes les fonctionnalit\u00e9s de notre site, voire d\u2019en rendre inaccessibles certaines parties,<\/li>\n\n\n\n<li>soit configurer son navigateur Internet via les param\u00e8tres ad\u00e9quats (d\u00e9sactivation des cookies, choix d\u2019une navigation s\u00e9curis\u00e9e priv\u00e9e, mise en place d\u2019une \u00ab confidentialit\u00e9 haute \u00bb, etc.).<\/li>\n<\/ul>\n\n\n\n<p>La configuration de chaque navigateur \u00e9tant diff\u00e9rente, la proc\u00e9dure permettant de modifier ses souhaits en mati\u00e8re de cookies est d\u00e9crite dans le menu d\u2019aide du dit navigateur. Ces informations sont \u00e9galement disponibles sur le site de la CNIL (<a href=\"http:\/\/www.cnil.fr\/vos-droits\/vos-traces\/les-cookies\/\" target=\"_blank\" rel=\"noreferrer noopener\">http:\/\/www.cnil.fr\/vos-droits\/vos-traces\/les-cookies\/<\/a>), tout comme sur la documentation li\u00e9e \u00e0 chaque navigateur&nbsp;:<\/p>\n\n\n\n<ul class=\"wp-block-list\">\n<li><strong>Chrome\u00a0:<br><\/strong><a href=\"https:\/\/support.google.com\/chrome\/answer\/95647?hl=fr&amp;ref_topic=14666\" target=\"_blank\" rel=\"noreferrer noopener\">https:\/\/support.google.com\/chrome\/answer\/95647?hl=fr&amp;ref_topic=14666<\/a><\/li>\n\n\n\n<li><strong>Internet Explorer\u00a0:<br><\/strong><a href=\"http:\/\/windows.microsoft.com\/fr-fr\/windows7\/block-enable-or-allow-cookies\" target=\"_blank\" rel=\"noreferrer noopener\">http:\/\/windows.microsoft.com\/fr-fr\/windows7\/block-enable-or-allow-cookies<\/a><\/li>\n\n\n\n<li><strong>Firefox\u00a0:<br><\/strong><a href=\"http:\/\/support.mozilla.org\/fr\/kb\/activer-desactiver-cookies?redirectlocale=en-US&amp;redirectslug=Enabling+and+disabling+cookies\" target=\"_blank\" rel=\"noreferrer noopener\">http:\/\/support.mozilla.org\/fr\/kb\/activer-desactiver-cookies?redirectlocale=en-US&amp;redirectslug=Enabling+and+disabling+cookies<\/a><\/li>\n\n\n\n<li><strong>Safari\u00a0:<br><\/strong><a href=\"http:\/\/support.apple.com\/kb\/HT1677?viewlocale=fr_FR&amp;locale=fr_FR\" target=\"_blank\" rel=\"noreferrer noopener\">http:\/\/support.apple.com\/kb\/HT1677?viewlocale=fr_FR&amp;locale=fr_FR<\/a><\/li>\n\n\n\n<li><strong>Op\u00e9ra\u00a0:<br><\/strong><a href=\"http:\/\/www.opera.com\/help\/tutorials\/security\/cookies\/\" target=\"_blank\" rel=\"noreferrer noopener\">http:\/\/www.opera.com\/help\/tutorials\/security\/cookies\/<\/a><\/li>\n<\/ul>\n\n\n\n<h3 class=\"wp-block-heading\"><strong>Modification\u00a0de la Politique de Confidentialit\u00e9<\/strong><\/h3>\n\n\n\n<p>UNITED SCHOOLS se r\u00e9serve le droit de modifier la pr\u00e9sente Politique de confidentialit\u00e9 \u00e0 tout moment, notamment en application des changements apport\u00e9s aux lois et r\u00e9glementations en vigueur.<\/p>\n\n\n\n<p>D\u2019autre part, en cas de modification m\u00eame minime, nous nous engageons \u00e0 vous en informer par e-mail ou via notre site internet, 30 jours au moins (dans la mesure du possible) avant l\u2019application de ces modifications.<\/p>\n\n\n\n<p>Nous vous conseillons \u00e9galement de v\u00e9rifier cette page r\u00e9guli\u00e8rement afin de rester inform\u00e9, en temps r\u00e9el, de nos proc\u00e9dures et r\u00e8gles relatives \u00e0&nbsp;vos donn\u00e9es personnelles.<\/p>\n\n\n\n<h3 class=\"wp-block-heading\"><strong>Droit d\u2019acc\u00e8s, de rectification et droit \u00e0 l\u2019oubli<\/strong><\/h3>\n\n\n\n<p>Conform\u00e9ment au RGPD et \u00e0 la loi \u201cinformatique et libert\u00e9\u201d n\u00b078-17 du 6 janvier 1978, vous disposez d\u2019un droit d\u2019acc\u00e8s, de modification, de rectification et de suppression de vos donn\u00e9es personnelles d\u00e9tenues par UNITED SCHOOLS.<\/p>\n\n\n\n<p>Vous pouvez exercer ce droit \u00e0 n\u2019importe quel moment sur simple demande&nbsp;en nous contactant par e-mail sur contact@unitedschools.world ou par voie postale : 1, avenue du Lac 21000 DIJON.<\/p>","protected":false},"excerpt":{"rendered":"<p>Pr\u00e9ambule et d\u00e9finitions Cette politique de confidentialit\u00e9 est exclusivement applicable \u00e0 notre site web vitrine de l&rsquo;association (https:\/\/www.unitedschools.world\/).Une autre politique de confidentialit\u00e9 est propre \u00e0 notre plateforme \u00e9ducative. Pour votre information, la voici en lien ICI. Chez UNITED SCHOOLS, nous accordons une importance particuli\u00e8re \u00e0 la confidentialit\u00e9 et \u00e0 la s\u00e9curit\u00e9 de vos donn\u00e9es. C\u2019est pourquoi nous mettons tout en [&hellip;]<\/p>","protected":false},"author":2,"featured_media":0,"parent":0,"menu_order":0,"comment_status":"closed","ping_status":"closed","template":"","meta":{"footnotes":""},"class_list":["post-3469","page","type-page","status-publish","hentry"],"yoast_head":"<!-- This site is optimized with the Yoast SEO plugin v26.1 - https:\/\/yoast.com\/wordpress\/plugins\/seo\/ -->\n<title>Politique de confidentialit\u00e9 - United Schools<\/title>\n<meta name=\"robots\" content=\"index, follow, max-snippet:-1, max-image-preview:large, max-video-preview:-1\" \/>\n<link rel=\"canonical\" href=\"https:\/\/www.unitedschools.world\/en\/politique-de-confidentialite\/\" \/>\n<meta property=\"og:locale\" content=\"en_US\" \/>\n<meta property=\"og:type\" content=\"article\" \/>\n<meta property=\"og:title\" content=\"Politique de confidentialit\u00e9 - United Schools\" \/>\n<meta property=\"og:description\" content=\"Pr\u00e9ambule et d\u00e9finitions Cette politique de confidentialit\u00e9 est exclusivement applicable \u00e0 notre site web vitrine de l&rsquo;association (https:\/\/www.unitedschools.world\/).Une autre politique de confidentialit\u00e9 est propre \u00e0 notre plateforme \u00e9ducative. Pour votre information, la voici en lien ICI. Chez UNITED SCHOOLS, nous accordons une importance particuli\u00e8re \u00e0 la confidentialit\u00e9 et \u00e0 la s\u00e9curit\u00e9 de vos donn\u00e9es. C\u2019est pourquoi nous mettons tout en [&hellip;]\" \/>\n<meta property=\"og:url\" content=\"https:\/\/www.unitedschools.world\/en\/politique-de-confidentialite\/\" \/>\n<meta property=\"og:site_name\" content=\"United Schools\" \/>\n<meta property=\"article:publisher\" content=\"https:\/\/www.facebook.com\/unitedschools.world\/\" \/>\n<meta property=\"article:modified_time\" content=\"2025-01-06T12:31:02+00:00\" \/>\n<meta property=\"og:image\" content=\"https:\/\/www.unitedschools.world\/wp-content\/uploads\/2019\/10\/logoNew-01.png\" \/>\n\t<meta property=\"og:image:width\" content=\"1300\" \/>\n\t<meta property=\"og:image:height\" content=\"245\" \/>\n\t<meta property=\"og:image:type\" content=\"image\/png\" \/>\n<meta name=\"twitter:card\" content=\"summary_large_image\" \/>\n<meta name=\"twitter:site\" content=\"@UnitedSchoolsW\" \/>\n<meta name=\"twitter:label1\" content=\"Est. reading time\" \/>\n\t<meta name=\"twitter:data1\" content=\"6 minutes\" \/>\n<script type=\"application\/ld+json\" class=\"yoast-schema-graph\">{\"@context\":\"https:\/\/schema.org\",\"@graph\":[{\"@type\":\"WebPage\",\"@id\":\"https:\/\/www.unitedschools.world\/politique-de-confidentialite\/\",\"url\":\"https:\/\/www.unitedschools.world\/politique-de-confidentialite\/\",\"name\":\"Politique de confidentialit\u00e9 - United Schools\",\"isPartOf\":{\"@id\":\"https:\/\/www.unitedschools.world\/#website\"},\"datePublished\":\"2020-02-24T10:45:42+00:00\",\"dateModified\":\"2025-01-06T12:31:02+00:00\",\"breadcrumb\":{\"@id\":\"https:\/\/www.unitedschools.world\/politique-de-confidentialite\/#breadcrumb\"},\"inLanguage\":\"en-US\",\"potentialAction\":[{\"@type\":\"ReadAction\",\"target\":[\"https:\/\/www.unitedschools.world\/politique-de-confidentialite\/\"]}]},{\"@type\":\"BreadcrumbList\",\"@id\":\"https:\/\/www.unitedschools.world\/politique-de-confidentialite\/#breadcrumb\",\"itemListElement\":[{\"@type\":\"ListItem\",\"position\":1,\"name\":\"Accueil\",\"item\":\"https:\/\/www.unitedschools.world\/\"},{\"@type\":\"ListItem\",\"position\":2,\"name\":\"Politique de confidentialit\u00e9\"}]},{\"@type\":\"WebSite\",\"@id\":\"https:\/\/www.unitedschools.world\/#website\",\"url\":\"https:\/\/www.unitedschools.world\/\",\"name\":\"United Schools\",\"description\":\"One world to share\",\"publisher\":{\"@id\":\"https:\/\/www.unitedschools.world\/#organization\"},\"potentialAction\":[{\"@type\":\"SearchAction\",\"target\":{\"@type\":\"EntryPoint\",\"urlTemplate\":\"https:\/\/www.unitedschools.world\/?s={search_term_string}\"},\"query-input\":{\"@type\":\"PropertyValueSpecification\",\"valueRequired\":true,\"valueName\":\"search_term_string\"}}],\"inLanguage\":\"en-US\"},{\"@type\":\"Organization\",\"@id\":\"https:\/\/www.unitedschools.world\/#organization\",\"name\":\"United Schools\",\"url\":\"https:\/\/www.unitedschools.world\/\",\"logo\":{\"@type\":\"ImageObject\",\"inLanguage\":\"en-US\",\"@id\":\"https:\/\/www.unitedschools.world\/#\/schema\/logo\/image\/\",\"url\":\"https:\/\/www.unitedschools.world\/wp-content\/uploads\/2019\/11\/logoNew.png\",\"contentUrl\":\"https:\/\/www.unitedschools.world\/wp-content\/uploads\/2019\/11\/logoNew.png\",\"width\":1300,\"height\":182,\"caption\":\"United Schools\"},\"image\":{\"@id\":\"https:\/\/www.unitedschools.world\/#\/schema\/logo\/image\/\"},\"sameAs\":[\"https:\/\/www.facebook.com\/unitedschools.world\/\",\"https:\/\/x.com\/UnitedSchoolsW\",\"https:\/\/www.instagram.com\/unitedschoolsassociation\/\",\"https:\/\/www.linkedin.com\/company\/united-schools\/\"]}]}<\/script>\n<!-- \/ Yoast SEO plugin. -->","yoast_head_json":{"title":"Politique de confidentialit\u00e9 - United Schools","robots":{"index":"index","follow":"follow","max-snippet":"max-snippet:-1","max-image-preview":"max-image-preview:large","max-video-preview":"max-video-preview:-1"},"canonical":"https:\/\/www.unitedschools.world\/en\/politique-de-confidentialite\/","og_locale":"en_US","og_type":"article","og_title":"Politique de confidentialit\u00e9 - United Schools","og_description":"Pr\u00e9ambule et d\u00e9finitions Cette politique de confidentialit\u00e9 est exclusivement applicable \u00e0 notre site web vitrine de l&rsquo;association (https:\/\/www.unitedschools.world\/).Une autre politique de confidentialit\u00e9 est propre \u00e0 notre plateforme \u00e9ducative. Pour votre information, la voici en lien ICI. Chez UNITED SCHOOLS, nous accordons une importance particuli\u00e8re \u00e0 la confidentialit\u00e9 et \u00e0 la s\u00e9curit\u00e9 de vos donn\u00e9es. C\u2019est pourquoi nous mettons tout en [&hellip;]","og_url":"https:\/\/www.unitedschools.world\/en\/politique-de-confidentialite\/","og_site_name":"United Schools","article_publisher":"https:\/\/www.facebook.com\/unitedschools.world\/","article_modified_time":"2025-01-06T12:31:02+00:00","og_image":[{"width":1300,"height":245,"url":"https:\/\/www.unitedschools.world\/wp-content\/uploads\/2019\/10\/logoNew-01.png","type":"image\/png"}],"twitter_card":"summary_large_image","twitter_site":"@UnitedSchoolsW","twitter_misc":{"Est. reading time":"6 minutes"},"schema":{"@context":"https:\/\/schema.org","@graph":[{"@type":"WebPage","@id":"https:\/\/www.unitedschools.world\/politique-de-confidentialite\/","url":"https:\/\/www.unitedschools.world\/politique-de-confidentialite\/","name":"Politique de confidentialit\u00e9 - United Schools","isPartOf":{"@id":"https:\/\/www.unitedschools.world\/#website"},"datePublished":"2020-02-24T10:45:42+00:00","dateModified":"2025-01-06T12:31:02+00:00","breadcrumb":{"@id":"https:\/\/www.unitedschools.world\/politique-de-confidentialite\/#breadcrumb"},"inLanguage":"en-US","potentialAction":[{"@type":"ReadAction","target":["https:\/\/www.unitedschools.world\/politique-de-confidentialite\/"]}]},{"@type":"BreadcrumbList","@id":"https:\/\/www.unitedschools.world\/politique-de-confidentialite\/#breadcrumb","itemListElement":[{"@type":"ListItem","position":1,"name":"Accueil","item":"https:\/\/www.unitedschools.world\/"},{"@type":"ListItem","position":2,"name":"Politique de confidentialit\u00e9"}]},{"@type":"WebSite","@id":"https:\/\/www.unitedschools.world\/#website","url":"https:\/\/www.unitedschools.world\/","name":"United Schools","description":"One world to share","publisher":{"@id":"https:\/\/www.unitedschools.world\/#organization"},"potentialAction":[{"@type":"SearchAction","target":{"@type":"EntryPoint","urlTemplate":"https:\/\/www.unitedschools.world\/?s={search_term_string}"},"query-input":{"@type":"PropertyValueSpecification","valueRequired":true,"valueName":"search_term_string"}}],"inLanguage":"en-US"},{"@type":"Organization","@id":"https:\/\/www.unitedschools.world\/#organization","name":"United Schools","url":"https:\/\/www.unitedschools.world\/","logo":{"@type":"ImageObject","inLanguage":"en-US","@id":"https:\/\/www.unitedschools.world\/#\/schema\/logo\/image\/","url":"https:\/\/www.unitedschools.world\/wp-content\/uploads\/2019\/11\/logoNew.png","contentUrl":"https:\/\/www.unitedschools.world\/wp-content\/uploads\/2019\/11\/logoNew.png","width":1300,"height":182,"caption":"United Schools"},"image":{"@id":"https:\/\/www.unitedschools.world\/#\/schema\/logo\/image\/"},"sameAs":["https:\/\/www.facebook.com\/unitedschools.world\/","https:\/\/x.com\/UnitedSchoolsW","https:\/\/www.instagram.com\/unitedschoolsassociation\/","https:\/\/www.linkedin.com\/company\/united-schools\/"]}]}},"amp_enabled":true,"_links":{"self":[{"href":"https:\/\/www.unitedschools.world\/en\/wp-json\/wp\/v2\/pages\/3469","targetHints":{"allow":["GET"]}}],"collection":[{"href":"https:\/\/www.unitedschools.world\/en\/wp-json\/wp\/v2\/pages"}],"about":[{"href":"https:\/\/www.unitedschools.world\/en\/wp-json\/wp\/v2\/types\/page"}],"author":[{"embeddable":true,"href":"https:\/\/www.unitedschools.world\/en\/wp-json\/wp\/v2\/users\/2"}],"replies":[{"embeddable":true,"href":"https:\/\/www.unitedschools.world\/en\/wp-json\/wp\/v2\/comments?post=3469"}],"version-history":[{"count":9,"href":"https:\/\/www.unitedschools.world\/en\/wp-json\/wp\/v2\/pages\/3469\/revisions"}],"predecessor-version":[{"id":5193,"href":"https:\/\/www.unitedschools.world\/en\/wp-json\/wp\/v2\/pages\/3469\/revisions\/5193"}],"wp:attachment":[{"href":"https:\/\/www.unitedschools.world\/en\/wp-json\/wp\/v2\/media?parent=3469"}],"curies":[{"name":"wp","href":"https:\/\/api.w.org\/{rel}","templated":true}]}}